{"id":120,"date":"2015-02-21T19:54:27","date_gmt":"2015-02-21T19:54:27","guid":{"rendered":"http:\/\/www.christo-rugbyadapte.fr\/wordpress\/?page_id=120"},"modified":"2023-07-17T15:16:42","modified_gmt":"2023-07-17T15:16:42","slug":"joueur","status":"publish","type":"page","link":"https:\/\/www.christo-rugbyadapte.fr\/wordpress\/?page_id=120","title":{"rendered":"&#8230; comme joueur"},"content":{"rendered":"<div id=\"pl-120\" class=\"panel-layout\">\n<div id=\"pg-120-0\" class=\"panel-grid panel-no-style\">\n<div id=\"pgc-120-0-0\" class=\"panel-grid-cell\" data-weight=\"0.3\">\n<div id=\"panel-120-0-0-0\" class=\"so-panel widget widget_black-studio-tinymce widget_black_studio_tinymce panel-first-child\" data-index=\"0\" data-style=\"{&quot;background_display&quot;:&quot;tile&quot;}\">\n<div class=\"textwidget\">\n<p>Les entra\u00eenements ont lieu au Stade Roger Couderc de Saint Ouen l\u2019Aum\u00f4ne<\/p>\n<p>(cliquez ci-dessous pour voir le plan)<br \/>\n<a title=\"Plan du stade d'entra\u00eenement\" href=\"http:\/\/goo.gl\/maps\/F2eJ\" target=\"_blank\" rel=\"noopener noreferrer\">http:\/\/goo.gl\/maps\/F2eJ<\/a><\/p>\n<h2><span style=\"color: #008000;\">Tous les samedis pour les adultes et les jeunes \u00e0 partir de 7 ans<\/span><br \/>\n<span style=\"color: #008000;\">de 9h30 \u00e0 11h<\/span><\/h2>\n<h2><span style=\"color: #008000;\">les jeudis de 10h \u00e0 12h pour les moins de 18 ans.\u00a0<\/span><\/h2>\n<p>Pour plus de d\u00e9tails, se reporter \u00e0 la section Calendrier du site<\/p>\n<\/div>\n<\/div>\n<div id=\"panel-120-0-0-1\" class=\"so-panel widget widget_text panel-last-child\" data-index=\"1\" data-style=\"{&quot;background_display&quot;:&quot;tile&quot;}\">\n<div class=\"textwidget\"><iframe style=\"border: 0;\" src=\"https:\/\/www.google.com\/maps\/embed?pb=!1m10!1m8!1m3!1d2061.6514436788543!2d2.1084199746249026!3d49.049697245840264!3m2!1i1024!2i768!4f13.1!5e1!3m2!1sfr!2sfr!4v1424604340391\" frameborder=\"0\"><\/iframe><\/div>\n<\/div>\n<\/div>\n<div id=\"pgc-120-0-1\" class=\"panel-grid-cell\" data-weight=\"0.7\">\n<div id=\"panel-120-0-1-0\" class=\"so-panel widget widget_black-studio-tinymce widget_black_studio_tinymce panel-first-child panel-last-child\" data-index=\"2\" data-style=\"{&quot;background_image_attachment&quot;:false,&quot;background_display&quot;:&quot;tile&quot;}\">\n<div class=\"textwidget\">\n<p><b>Pour s&rsquo;inscrire comme joueur ou joueuse, il vous suffit d&rsquo;imprimer\u00a0le dossier d&rsquo;inscription t\u00e9l\u00e9chargeable ci-dessous et de nous l&rsquo; adresser d\u00fbment rempli et sign\u00e9.<\/b><\/p>\n<p><span style=\"color: #333333;\"><a style=\"color: #333333;\" title=\"\"><span style=\"font-family: Arial;\"><span style=\"text-decoration: underline;\">La liste des pi\u00e8ces \u00e0 fournir<\/span> :<\/span><\/a><\/span><\/p>\n<ul>\n<li>La fiche de renseignements<\/li>\n<li>Un justificatif d&rsquo;identit\u00e9<\/li>\n<li>1 ou 2 photos d&rsquo;identit\u00e9<\/li>\n<li>La fiche individuelle de comportement<\/li>\n<li>L&rsquo;autorisation parentale ou tutorale<\/li>\n<li>Un certificat m\u00e9dical sera \u00e0 compl\u00e9ter lors de l&rsquo;affiliation \u00e0 la FFR<\/li>\n<\/ul>\n<div><\/div>\n<p><strong>Tarif 2022-2023 (septembre \u00e0 juin) <\/strong><\/p>\n<ul>\n<li><strong>Pour les 7-11 ans : 60\u20ac avec la licence, l&rsquo;assurance et la participation \u00e0 la vie du club (short et chaussettes offerts).<\/strong><\/li>\n<li><strong>Pour les 12-18 ans : 85\u20ac avec la licence, l&rsquo;assurance et la participation \u00e0 la vie du club (short et chaussettes offerts).<\/strong><\/li>\n<li><strong>Pour les plus de 18 ans : 110\u20ac avec la licence, l&rsquo;assurance et la participation \u00e0 la vie du club (short et chaussettes offerts).<\/strong><\/li>\n<\/ul>\n<h4><span style=\"color: #0000ff;\"><strong>Dossier d&rsquo;inscription t\u00e9l\u00e9chargeable :<\/strong><\/span><\/h4>\n<h4>[download id=\u00a0\u00bb3341&Prime;]<\/h4>\n<div style=\"padding-left: 30px;\"><\/div>\n<\/div>\n<\/div>\n<\/div>\n<\/div>\n<\/div>\n","protected":false},"excerpt":{"rendered":"<p>Les entra\u00eenements ont lieu au Stade Roger Couderc de Saint Ouen l\u2019Aum\u00f4ne (cliquez ci-dessous pour voir le plan) http:\/\/goo.gl\/maps\/F2eJ Tous les samedis pour les adultes et les jeunes \u00e0 partir de 7 ans de 9h30 \u00e0 11h les jeudis de 10h \u00e0 12h pour les moins de 18 ans.\u00a0 Pour plus de d\u00e9tails, se reporter [&hellip;]<\/p>\n","protected":false},"author":1,"featured_media":0,"parent":0,"menu_order":0,"comment_status":"open","ping_status":"open","template":"templates\/template-full-notitle.php","meta":{"footnotes":""},"class_list":["post-120","page","type-page","status-publish","hentry","post"],"_links":{"self":[{"href":"https:\/\/www.christo-rugbyadapte.fr\/wordpress\/index.php?rest_route=\/wp\/v2\/pages\/120","targetHints":{"allow":["GET"]}}],"collection":[{"href":"https:\/\/www.christo-rugbyadapte.fr\/wordpress\/index.php?rest_route=\/wp\/v2\/pages"}],"about":[{"href":"https:\/\/www.christo-rugbyadapte.fr\/wordpress\/index.php?rest_route=\/wp\/v2\/types\/page"}],"author":[{"embeddable":true,"href":"https:\/\/www.christo-rugbyadapte.fr\/wordpress\/index.php?rest_route=\/wp\/v2\/users\/1"}],"replies":[{"embeddable":true,"href":"https:\/\/www.christo-rugbyadapte.fr\/wordpress\/index.php?rest_route=%2Fwp%2Fv2%2Fcomments&post=120"}],"version-history":[{"count":65,"href":"https:\/\/www.christo-rugbyadapte.fr\/wordpress\/index.php?rest_route=\/wp\/v2\/pages\/120\/revisions"}],"predecessor-version":[{"id":3902,"href":"https:\/\/www.christo-rugbyadapte.fr\/wordpress\/index.php?rest_route=\/wp\/v2\/pages\/120\/revisions\/3902"}],"wp:attachment":[{"href":"https:\/\/www.christo-rugbyadapte.fr\/wordpress\/index.php?rest_route=%2Fwp%2Fv2%2Fmedia&parent=120"}],"curies":[{"name":"wp","href":"https:\/\/api.w.org\/{rel}","templated":true}]}}