{"id":126,"date":"2015-02-21T19:53:53","date_gmt":"2015-02-21T19:53:53","guid":{"rendered":"http:\/\/www.christo-rugbyadapte.fr\/wordpress\/?page_id=126"},"modified":"2022-08-10T10:32:03","modified_gmt":"2022-08-10T10:32:03","slug":"benevole","status":"publish","type":"page","link":"https:\/\/www.christo-rugbyadapte.fr\/wordpress\/?page_id=126","title":{"rendered":"&#8230; comme b\u00e9n\u00e9vole"},"content":{"rendered":"<h3 style=\"text-align: left;\"><span style=\"color: #333333; font-family: Arial;\">Comme toute association, nous accueillons toujours avec plaisir<b>\u00a0de nouveaux b\u00e9n\u00e9voles<\/b>\u00a0!<\/span><\/h3>\n<h3>Entra\u00eeneur, \u00e9ducateur, personnel m\u00e9dical, administratif,&#8230; ,\u00a0il serait \u00e9tonnant que nous ne trouvions pas des sujets \u00e0 vous confier !<\/h3>\n<h3>Si l&rsquo;aventure vous tente, venez tester avec nous le samedi matin; et si vous souhaitez transformer l&rsquo;essai, vous trouverez le dossier d&rsquo;inscription dans la section documentation.<\/h3>\n<h3>A bient\u00f4t sur le pr\u00e9!<\/h3>\n<p>&nbsp;<\/p>\n","protected":false},"excerpt":{"rendered":"<p>Comme toute association, nous accueillons toujours avec plaisir\u00a0de nouveaux b\u00e9n\u00e9voles\u00a0! Entra\u00eeneur, \u00e9ducateur, personnel m\u00e9dical, administratif,&#8230; ,\u00a0il serait \u00e9tonnant que nous ne trouvions pas des sujets \u00e0 vous confier ! Si l&rsquo;aventure vous tente, venez tester avec nous le samedi matin; et si vous souhaitez transformer l&rsquo;essai, vous trouverez le dossier d&rsquo;inscription dans la section documentation. [&hellip;]<\/p>\n","protected":false},"author":1,"featured_media":0,"parent":0,"menu_order":0,"comment_status":"open","ping_status":"open","template":"templates\/template-full-notitle.php","meta":{"footnotes":""},"class_list":["post-126","page","type-page","status-publish","hentry","post"],"_links":{"self":[{"href":"https:\/\/www.christo-rugbyadapte.fr\/wordpress\/index.php?rest_route=\/wp\/v2\/pages\/126","targetHints":{"allow":["GET"]}}],"collection":[{"href":"https:\/\/www.christo-rugbyadapte.fr\/wordpress\/index.php?rest_route=\/wp\/v2\/pages"}],"about":[{"href":"https:\/\/www.christo-rugbyadapte.fr\/wordpress\/index.php?rest_route=\/wp\/v2\/types\/page"}],"author":[{"embeddable":true,"href":"https:\/\/www.christo-rugbyadapte.fr\/wordpress\/index.php?rest_route=\/wp\/v2\/users\/1"}],"replies":[{"embeddable":true,"href":"https:\/\/www.christo-rugbyadapte.fr\/wordpress\/index.php?rest_route=%2Fwp%2Fv2%2Fcomments&post=126"}],"version-history":[{"count":7,"href":"https:\/\/www.christo-rugbyadapte.fr\/wordpress\/index.php?rest_route=\/wp\/v2\/pages\/126\/revisions"}],"predecessor-version":[{"id":933,"href":"https:\/\/www.christo-rugbyadapte.fr\/wordpress\/index.php?rest_route=\/wp\/v2\/pages\/126\/revisions\/933"}],"wp:attachment":[{"href":"https:\/\/www.christo-rugbyadapte.fr\/wordpress\/index.php?rest_route=%2Fwp%2Fv2%2Fmedia&parent=126"}],"curies":[{"name":"wp","href":"https:\/\/api.w.org\/{rel}","templated":true}]}}