{"id":136,"date":"2015-02-21T19:58:29","date_gmt":"2015-02-21T19:58:29","guid":{"rendered":"http:\/\/www.christo-rugbyadapte.fr\/wordpress\/?page_id=136"},"modified":"2022-06-02T09:37:22","modified_gmt":"2022-06-02T09:37:22","slug":"nos-amis","status":"publish","type":"page","link":"https:\/\/www.christo-rugbyadapte.fr\/wordpress\/?page_id=136","title":{"rendered":"Nos amis"},"content":{"rendered":"<div id=\"pl-136\"  class=\"panel-layout\" ><div id=\"pg-136-0\"  class=\"panel-grid panel-no-style\" ><div id=\"pgc-136-0-0\"  class=\"panel-grid-cell\" ><div id=\"panel-136-0-0-0\" class=\"so-panel widget widget_black-studio-tinymce widget_black_studio_tinymce panel-first-child panel-last-child\" data-index=\"0\" ><div class=\"textwidget\"><p><span style=\"font-family: Verdana; color: #008000;\">Les Bumbles Bees Barbarians<\/span><br \/>\nClub anglais situ\u00e9 dans le West Yorkshire \u00e0 Bingley, voici leur pr\u00e9sentation in english !! The Bumbles are unique in England as the only team playing Mixed Ability Contact Rugby Union. Founded in 2009 by a determined young man with Cerebral Palsy and Learning Difficulties the team has been guided by an established Welsh Inclusive Rugby Side, the Llanelli Warriors.<br \/>\nwww.bumblesrugby.com<\/p>\n<p><span style=\"font-family: Verdana; color: #008000;\">Chivasso Rugby Onlus<\/span><br \/>\nChivasso est un club italien.<br \/>\nhttp:\/\/www.chivassorugby.com\/<\/p>\n<p><span style=\"font-family: Verdana; color: #008000;\">RCACP (95)<\/span><br \/>\nIl s'agit du Racing Club de l'Agglom\u00e9ration de Cergy-Pontoise.<br \/>\nhttp:\/\/rcacergy-pontoise.clubeo.com\/<\/p>\n<p><span style=\"font-family: Verdana; color: #008000;\">MLSGP Rugby 78<\/span><br \/>\nIl s'agit du Maisons-Laffitte \/ Saint Germain \/ Poissy Rugby Yvelines Club<br \/>\nhttp:\/\/mlsgprugby.free.fr\/index.php<\/p>\n<p><span style=\"font-family: Verdana; color: #008000;\">AC BOBIGNY 93<\/span><br \/>\nwww.<b>bobigny<\/b>93<b>rugby<\/b>.fr\/<\/p>\n<p><span style=\"color: #339966;\">RC L'ILE ADAM<br \/>\n<\/span>http:\/\/www.rugbyclub-lisleadam.com\/<\/p>\n<p>Rugby Club de Massy (91)<\/p>\n<p>L'ORCA Rugby club Argenteuil (95)<\/p>\n<p>Rugby C\u0153ur Ovalie Clichy (92)<\/p>\n<p>Rugby Club Loz\u00e9rien \u00e0 Lezoux (63)<\/p>\n<p>SUA \u00e0 Agen (47)<\/p>\n<p>Rugby Club St Omer (62)<\/p>\n<p>OLAGORRA \u00e0 Bayonne (64)<\/p>\n<\/div><\/div><\/div><\/div><\/div>","protected":false},"excerpt":{"rendered":"<p>Les Bumbles Bees Barbarians Club anglais situ\u00e9 dans le West Yorkshire \u00e0 Bingley, voici leur pr\u00e9sentation in english !! The Bumbles are unique in England as the only team playing Mixed Ability Contact Rugby Union. Founded in 2009 by a determined young man with Cerebral Palsy and Learning Difficulties the team has been guided by [&hellip;]<\/p>\n","protected":false},"author":1,"featured_media":0,"parent":0,"menu_order":0,"comment_status":"open","ping_status":"open","template":"templates\/template-full.php","meta":{"footnotes":""},"class_list":["post-136","page","type-page","status-publish","hentry","post"],"_links":{"self":[{"href":"https:\/\/www.christo-rugbyadapte.fr\/wordpress\/index.php?rest_route=\/wp\/v2\/pages\/136","targetHints":{"allow":["GET"]}}],"collection":[{"href":"https:\/\/www.christo-rugbyadapte.fr\/wordpress\/index.php?rest_route=\/wp\/v2\/pages"}],"about":[{"href":"https:\/\/www.christo-rugbyadapte.fr\/wordpress\/index.php?rest_route=\/wp\/v2\/types\/page"}],"author":[{"embeddable":true,"href":"https:\/\/www.christo-rugbyadapte.fr\/wordpress\/index.php?rest_route=\/wp\/v2\/users\/1"}],"replies":[{"embeddable":true,"href":"https:\/\/www.christo-rugbyadapte.fr\/wordpress\/index.php?rest_route=%2Fwp%2Fv2%2Fcomments&post=136"}],"version-history":[{"count":9,"href":"https:\/\/www.christo-rugbyadapte.fr\/wordpress\/index.php?rest_route=\/wp\/v2\/pages\/136\/revisions"}],"predecessor-version":[{"id":3452,"href":"https:\/\/www.christo-rugbyadapte.fr\/wordpress\/index.php?rest_route=\/wp\/v2\/pages\/136\/revisions\/3452"}],"wp:attachment":[{"href":"https:\/\/www.christo-rugbyadapte.fr\/wordpress\/index.php?rest_route=%2Fwp%2Fv2%2Fmedia&parent=136"}],"curies":[{"name":"wp","href":"https:\/\/api.w.org\/{rel}","templated":true}]}}