{"id":16,"date":"2015-02-21T15:26:09","date_gmt":"2015-02-21T15:26:09","guid":{"rendered":"http:\/\/www.christo-rugbyadapte.fr\/wordpress\/?page_id=16"},"modified":"2025-03-07T22:28:57","modified_gmt":"2025-03-07T22:28:57","slug":"home","status":"publish","type":"page","link":"https:\/\/www.christo-rugbyadapte.fr\/wordpress\/","title":{"rendered":"Page d&rsquo;accueil"},"content":{"rendered":"<div id=\"pl-16\"  class=\"panel-layout\" ><div id=\"pg-16-0\"  class=\"panel-grid panel-no-style\" ><div id=\"pgc-16-0-0\"  class=\"panel-grid-cell\" ><div class=\"panel-cell-style panel-cell-style-for-16-0-0\" ><div id=\"panel-16-0-0-0\" class=\"so-panel widget widget_sow-editor panel-first-child panel-last-child\" data-index=\"0\" ><div class=\"panel-widget-style panel-widget-style-for-16-0-0-0\" ><div\n\t\t\t\n\t\t\tclass=\"so-widget-sow-editor so-widget-sow-editor-base\"\n\t\t\t\n\t\t>\n<div class=\"siteorigin-widget-tinymce textwidget\">\n\t<p style=\"background-color: #177b36; width: max-content; color: #ffffff\">QUI SOMMES NOUS ?<\/p>\n<p style=\"text-align: center;\">Notre club affili\u00e9 \u00e0 la FFR pratique un rugby encadr\u00e9 par des b\u00e9n\u00e9voles sensibilis\u00e9s au handicap psychique et intellectuel, afin d'offrir aux joueurs, m\u00eame d\u00e9butants, et aux aidants, une opportunit\u00e9 de socialisation, une bouff\u00e9e d'oxyg\u00e8ne et un espace de rencontre o\u00f9 il peuvent \u00eatre eux m\u00eame.<\/p>\n<p style=\"text-align: center;\">Nos valeurs :<\/p>\n<p style=\"text-align: center;\"><strong>s\u00e9rieux - solidaires - bienveillants<\/strong><\/p>\n<\/div>\n<\/div><\/div><\/div><\/div><\/div><\/div><div id=\"pg-16-1\"  class=\"panel-grid panel-no-style\" ><div id=\"pgc-16-1-0\"  class=\"panel-grid-cell\" ><div id=\"panel-16-1-0-0\" class=\"so-panel widget widget_media_image panel-first-child panel-last-child\" data-index=\"1\" ><img loading=\"lazy\" decoding=\"async\" width=\"300\" height=\"297\" src=\"https:\/\/www.christo-rugbyadapte.fr\/wordpress\/wp-content\/uploads\/Isor1-300x297.jpg\" class=\"image wp-image-3816  attachment-medium size-medium\" alt=\"\" style=\"max-width: 100%; height: auto;\" srcset=\"https:\/\/www.christo-rugbyadapte.fr\/wordpress\/wp-content\/uploads\/Isor1-300x297.jpg 300w, https:\/\/www.christo-rugbyadapte.fr\/wordpress\/wp-content\/uploads\/Isor1-1024x1014.jpg 1024w, https:\/\/www.christo-rugbyadapte.fr\/wordpress\/wp-content\/uploads\/Isor1-150x150.jpg 150w, https:\/\/www.christo-rugbyadapte.fr\/wordpress\/wp-content\/uploads\/Isor1-768x761.jpg 768w, https:\/\/www.christo-rugbyadapte.fr\/wordpress\/wp-content\/uploads\/Isor1-1536x1521.jpg 1536w, https:\/\/www.christo-rugbyadapte.fr\/wordpress\/wp-content\/uploads\/Isor1.jpg 1584w\" sizes=\"auto, (max-width: 300px) 100vw, 300px\" \/><\/div><\/div><div id=\"pgc-16-1-1\"  class=\"panel-grid-cell\" ><div id=\"panel-16-1-1-0\" class=\"so-panel widget widget_sow-editor panel-first-child panel-last-child\" data-index=\"2\" ><div class=\"panel-widget-style panel-widget-style-for-16-1-1-0\" ><div\n\t\t\t\n\t\t\tclass=\"so-widget-sow-editor so-widget-sow-editor-base\"\n\t\t\t\n\t\t>\n<div class=\"siteorigin-widget-tinymce textwidget\">\n\t<h1><\/h1>\n<h1 style=\"text-align: center;\"><strong>LABEL CLUB ENGAGE FFR<\/strong><\/h1>\n<h3 style=\"text-align: center;\"><strong>Juillet 2022 \/ Juillet 2025<\/strong><\/h3>\n<p>&nbsp;<\/p>\n<\/div>\n<\/div><\/div><\/div><\/div><div id=\"pgc-16-1-2\"  class=\"panel-grid-cell\" ><div id=\"panel-16-1-2-0\" class=\"so-panel widget widget_media_image panel-first-child panel-last-child\" data-index=\"3\" ><img loading=\"lazy\" decoding=\"async\" width=\"294\" height=\"300\" src=\"https:\/\/www.christo-rugbyadapte.fr\/wordpress\/wp-content\/uploads\/Isor2-294x300.jpg\" class=\"image wp-image-3817  attachment-medium size-medium\" alt=\"\" style=\"max-width: 100%; height: auto;\" srcset=\"https:\/\/www.christo-rugbyadapte.fr\/wordpress\/wp-content\/uploads\/Isor2-294x300.jpg 294w, https:\/\/www.christo-rugbyadapte.fr\/wordpress\/wp-content\/uploads\/Isor2-1005x1024.jpg 1005w, https:\/\/www.christo-rugbyadapte.fr\/wordpress\/wp-content\/uploads\/Isor2-768x783.jpg 768w, https:\/\/www.christo-rugbyadapte.fr\/wordpress\/wp-content\/uploads\/Isor2-1507x1536.jpg 1507w, https:\/\/www.christo-rugbyadapte.fr\/wordpress\/wp-content\/uploads\/Isor2.jpg 1571w\" sizes=\"auto, (max-width: 294px) 100vw, 294px\" \/><\/div><\/div><\/div><div id=\"pg-16-2\"  class=\"panel-grid panel-no-style\" ><div id=\"pgc-16-2-0\"  class=\"panel-grid-cell\" ><div id=\"panel-16-2-0-0\" class=\"so-panel widget widget_sow-editor panel-first-child\" data-index=\"4\" ><div\n\t\t\t\n\t\t\tclass=\"so-widget-sow-editor so-widget-sow-editor-base\"\n\t\t\t\n\t\t>\n<div class=\"siteorigin-widget-tinymce textwidget\">\n\t<h3 style=\"text-align: center;\">Une vid\u00e9o de pr\u00e9sentation de notre activit\u00e9<\/h3>\n<p><iframe loading=\"lazy\" title=\"CHRISTO RUGBY ADAPT\u00c9\" width=\"720\" height=\"405\" src=\"https:\/\/www.youtube.com\/embed\/2E3c1nMQFps?feature=oembed\" frameborder=\"0\" allow=\"accelerometer; autoplay; clipboard-write; encrypted-media; gyroscope; picture-in-picture; web-share\" referrerpolicy=\"strict-origin-when-cross-origin\" allowfullscreen><\/iframe><\/p>\n<\/div>\n<\/div><\/div><div id=\"panel-16-2-0-1\" class=\"so-panel widget widget_sow-editor panel-last-child\" data-index=\"5\" ><div class=\"panel-widget-style panel-widget-style-for-16-2-0-1\" ><div\n\t\t\t\n\t\t\tclass=\"so-widget-sow-editor so-widget-sow-editor-base\"\n\t\t\t\n\t\t>\n<div class=\"siteorigin-widget-tinymce textwidget\">\n\t<h1 style=\"text-align: center;\"><a href=\"https:\/\/www.helloasso.com\/associations\/assoa-christo-rugby-adapte\/formulaires\/1\/widget\"><span style=\"color: #0000ff;\"><span style=\"color: #00ccff;\"><span style=\"color: #3366ff;\">Faire un don<\/span><\/span><\/span><\/a><\/h1>\n<\/div>\n<\/div><\/div><\/div><\/div><div id=\"pgc-16-2-1\"  class=\"panel-grid-cell\" ><div id=\"panel-16-2-1-0\" class=\"so-panel widget widget_sow-editor panel-first-child\" data-index=\"6\" ><div class=\"panel-widget-style panel-widget-style-for-16-2-1-0\" ><div\n\t\t\t\n\t\t\tclass=\"so-widget-sow-editor so-widget-sow-editor-base\"\n\t\t\t\n\t\t>\n<div class=\"siteorigin-widget-tinymce textwidget\">\n\t<p><img loading=\"lazy\" decoding=\"async\" class=\"alignleft size-medium wp-image-3956\" src=\"https:\/\/www.christo-rugbyadapte.fr\/wordpress\/wp-content\/uploads\/Autocollant-numerique-Handiguide-300x300.jpg\" alt=\"\" width=\"300\" height=\"300\" srcset=\"https:\/\/www.christo-rugbyadapte.fr\/wordpress\/wp-content\/uploads\/Autocollant-numerique-Handiguide-300x300.jpg 300w, https:\/\/www.christo-rugbyadapte.fr\/wordpress\/wp-content\/uploads\/Autocollant-numerique-Handiguide-150x150.jpg 150w, https:\/\/www.christo-rugbyadapte.fr\/wordpress\/wp-content\/uploads\/Autocollant-numerique-Handiguide-768x769.jpg 768w, https:\/\/www.christo-rugbyadapte.fr\/wordpress\/wp-content\/uploads\/Autocollant-numerique-Handiguide.jpg 1023w\" sizes=\"auto, (max-width: 300px) 100vw, 300px\" \/><\/p>\n<\/div>\n<\/div><\/div><\/div><div id=\"panel-16-2-1-1\" class=\"so-panel widget widget_sow-editor panel-last-child\" data-index=\"7\" ><div class=\"panel-widget-style panel-widget-style-for-16-2-1-1\" ><div\n\t\t\t\n\t\t\tclass=\"so-widget-sow-editor so-widget-sow-editor-base\"\n\t\t\t\n\t\t>\n<div class=\"siteorigin-widget-tinymce textwidget\">\n\t<h2 style=\"text-align: center;\"><strong><span style=\"color: #008000;\">Les prochains rendez-vous\u00a0 :<\/span><\/strong><span style=\"color: #008000;\"><strong>\u00a0\u00a0<\/strong><\/span><span style=\"color: #008000;\"><strong>\u00a0 \u00a0<\/strong><\/span><\/h2>\n<ul>\n<li>Jeudi 6 mars : entra\u00eenement avec les IME IMPRO<\/li>\n<li>Samedi 8 mars : entra\u00eenement habituel \u00e0 SOA<\/li>\n<li>Chaque Jeudi pour les institutions et chaque Samedi ouvert \u00e0 tous<\/li>\n<li>Hors vacances scolaires<\/li>\n<\/ul>\n<\/div>\n<\/div><\/div><\/div><\/div><\/div><div id=\"pg-16-3\"  class=\"panel-grid panel-no-style\" ><div id=\"pgc-16-3-0\"  class=\"panel-grid-cell\" ><div id=\"panel-16-3-0-0\" class=\"so-panel widget widget_sow-editor panel-first-child panel-last-child\" data-index=\"8\" ><div class=\"panel-widget-style panel-widget-style-for-16-3-0-0\" ><div\n\t\t\t\n\t\t\tclass=\"so-widget-sow-editor so-widget-sow-editor-base\"\n\t\t\t\n\t\t>\n<div class=\"siteorigin-widget-tinymce textwidget\">\n\t<h1 style=\"text-align: center;\">Parce que le rugby n'est qu'un pr\u00e9texte pour inciter des personnes en situation de handicap<br \/>\nmental ou psychique \u00e0 pratiquer une activit\u00e9 sportive, venez d\u00e9couvrir l\u2019histoire de notre club et<br \/>\nnotre vision particuli\u00e8re <a href=\"https:\/\/www.christo-rugbyadapte.fr\/wordpress\/?page_id=3248\">en cliquant ici<\/a><\/h1>\n<\/div>\n<\/div><\/div><\/div><\/div><\/div><div id=\"pg-16-4\"  class=\"panel-grid panel-no-style\" ><div id=\"pgc-16-4-0\"  class=\"panel-grid-cell\" ><div id=\"panel-16-4-0-0\" class=\"so-panel widget widget_sow-editor panel-first-child\" data-index=\"9\" ><div class=\"panel-widget-style panel-widget-style-for-16-4-0-0\" ><div\n\t\t\t\n\t\t\tclass=\"so-widget-sow-editor so-widget-sow-editor-base\"\n\t\t\t\n\t\t>\n<div class=\"siteorigin-widget-tinymce textwidget\">\n\t<h1 style=\"text-align: center;\">Vous souhaitez nous rejoindre<\/h1>\n<h2><a href=\"https:\/\/www.christo-rugbyadapte.fr\/wordpress\/?page_id=120\">Comme joueur (se)<\/a>&nbsp; &nbsp; &nbsp; &nbsp; &nbsp; &nbsp; &nbsp; &nbsp; &nbsp; &nbsp; &nbsp; &nbsp; &nbsp; &nbsp; &nbsp; &nbsp; &nbsp; &nbsp; &nbsp; &nbsp; &nbsp; &nbsp;<a href=\"https:\/\/www.christo-rugbyadapte.fr\/wordpress\/?page_id=126\">Comme b\u00e9n\u00e9vole<\/a>&nbsp; &nbsp; &nbsp; &nbsp; &nbsp; &nbsp; &nbsp; &nbsp; &nbsp; &nbsp; &nbsp; &nbsp; &nbsp; &nbsp; &nbsp; &nbsp; &nbsp; &nbsp; &nbsp; &nbsp; &nbsp; &nbsp; &nbsp; &nbsp; &nbsp;<a href=\"https:\/\/www.christo-rugbyadapte.fr\/wordpress\/?page_id=2856\">Comme partenaire<\/a><\/h2>\n<p>&nbsp;<\/p>\n<\/div>\n<\/div><\/div><\/div><div id=\"panel-16-4-0-1\" class=\"so-panel widget widget_sow-editor\" data-index=\"10\" ><div class=\"panel-widget-style panel-widget-style-for-16-4-0-1\" ><div\n\t\t\t\n\t\t\tclass=\"so-widget-sow-editor so-widget-sow-editor-base\"\n\t\t\t\n\t\t>\n<div class=\"siteorigin-widget-tinymce textwidget\">\n\t<\/div>\n<\/div><\/div><\/div><\/div><\/div><\/div>","protected":false},"excerpt":{"rendered":"<p>QUI SOMMES NOUS ? Notre club affili\u00e9 \u00e0 la FFR pratique un rugby encadr\u00e9 par des b\u00e9n\u00e9voles sensibilis\u00e9s au handicap psychique et intellectuel, afin d&rsquo;offrir aux joueurs, m\u00eame d\u00e9butants, et aux aidants, une opportunit\u00e9 de socialisation, une bouff\u00e9e d&rsquo;oxyg\u00e8ne et un espace de rencontre o\u00f9 il peuvent \u00eatre eux m\u00eame. Nos valeurs : s\u00e9rieux &#8211; [&hellip;]<\/p>\n","protected":false},"author":1,"featured_media":0,"parent":0,"menu_order":0,"comment_status":"closed","ping_status":"open","template":"home-panels.php","meta":{"footnotes":""},"class_list":["post-16","page","type-page","status-publish","hentry","post"],"_links":{"self":[{"href":"https:\/\/www.christo-rugbyadapte.fr\/wordpress\/index.php?rest_route=\/wp\/v2\/pages\/16","targetHints":{"allow":["GET"]}}],"collection":[{"href":"https:\/\/www.christo-rugbyadapte.fr\/wordpress\/index.php?rest_route=\/wp\/v2\/pages"}],"about":[{"href":"https:\/\/www.christo-rugbyadapte.fr\/wordpress\/index.php?rest_route=\/wp\/v2\/types\/page"}],"author":[{"embeddable":true,"href":"https:\/\/www.christo-rugbyadapte.fr\/wordpress\/index.php?rest_route=\/wp\/v2\/users\/1"}],"replies":[{"embeddable":true,"href":"https:\/\/www.christo-rugbyadapte.fr\/wordpress\/index.php?rest_route=%2Fwp%2Fv2%2Fcomments&post=16"}],"version-history":[{"count":79,"href":"https:\/\/www.christo-rugbyadapte.fr\/wordpress\/index.php?rest_route=\/wp\/v2\/pages\/16\/revisions"}],"predecessor-version":[{"id":4031,"href":"https:\/\/www.christo-rugbyadapte.fr\/wordpress\/index.php?rest_route=\/wp\/v2\/pages\/16\/revisions\/4031"}],"wp:attachment":[{"href":"https:\/\/www.christo-rugbyadapte.fr\/wordpress\/index.php?rest_route=%2Fwp%2Fv2%2Fmedia&parent=16"}],"curies":[{"name":"wp","href":"https:\/\/api.w.org\/{rel}","templated":true}]}}