{"id":2697,"date":"2019-05-05T16:41:27","date_gmt":"2019-05-05T16:41:27","guid":{"rendered":"http:\/\/www.christo-rugbyadapte.fr\/wordpress\/?page_id=2697"},"modified":"2023-11-07T13:40:46","modified_gmt":"2023-11-07T13:40:46","slug":"nos-photos-et-videos-les-plus-recentes","status":"publish","type":"page","link":"https:\/\/www.christo-rugbyadapte.fr\/wordpress\/?page_id=2697","title":{"rendered":"Nos photos et vid\u00e9os 2019"},"content":{"rendered":"\r\n<p>&nbsp;<\/p>\r\n\r\n\r\n\r\n<h4 class=\"wp-block-heading\">21 Avril 2019 &#8211; Christo Rugby au Tournoi de rugby adapt\u00e9 de Mende en Loz\u00e8re<\/h4>\r\n\r\n\r\n\r\n<div id=\"metaslider-id-2439\" style=\"max-width: 1080px;\" class=\"ml-slider-3-107-0 metaslider metaslider-flex metaslider-2439 ml-slider ms-theme-default nav-hidden\" role=\"region\" aria-label=\"Tournoi de Mende\" data-height=\"610\" data-width=\"1080\">\n    <div id=\"metaslider_container_2439\">\n        <div id=\"metaslider_2439\" class=\"flexslider\">\n            <ul class='slides'>\n                <li style=\"display: block; width: 100%;\" class=\"slide-2607 ms-image \" aria-roledescription=\"slide\" data-date=\"2019-04-26 14:31:15\" data-filename=\"190421.RCML_.001-1080x610.jpg\" data-slide-type=\"image\"><img loading=\"lazy\" decoding=\"async\" src=\"https:\/\/www.christo-rugbyadapte.fr\/wordpress\/wp-content\/uploads\/190421.RCML_.001-1080x610.jpg\" height=\"610\" width=\"1080\" alt=\"\" class=\"slider-2439 slide-2607 msDefaultImage\" title=\"190421.RCML.001\" \/><\/li>\n                <li style=\"display: none; width: 100%;\" class=\"slide-2608 ms-image \" aria-roledescription=\"slide\" data-date=\"2019-04-26 14:31:27\" data-filename=\"190421.RCML_.002a-1080x610.jpg\" data-slide-type=\"image\"><img loading=\"lazy\" decoding=\"async\" src=\"https:\/\/www.christo-rugbyadapte.fr\/wordpress\/wp-content\/uploads\/190421.RCML_.002a-1080x610.jpg\" height=\"610\" width=\"1080\" alt=\"\" class=\"slider-2439 slide-2608 msDefaultImage\" title=\"190421.RCML.002a\" \/><\/li>\n                <li style=\"display: none; width: 100%;\" class=\"slide-2609 ms-image \" aria-roledescription=\"slide\" data-date=\"2019-04-26 14:31:36\" data-filename=\"190421.RCML_.003-1080x610.jpg\" data-slide-type=\"image\"><img loading=\"lazy\" decoding=\"async\" src=\"https:\/\/www.christo-rugbyadapte.fr\/wordpress\/wp-content\/uploads\/190421.RCML_.003-1080x610.jpg\" height=\"610\" width=\"1080\" alt=\"\" class=\"slider-2439 slide-2609 msDefaultImage\" title=\"190421.RCML.003\" \/><\/li>\n                <li style=\"display: none; width: 100%;\" class=\"slide-2610 ms-image \" aria-roledescription=\"slide\" data-date=\"2019-04-26 14:31:46\" data-filename=\"190421.RCML_.006-1080x610.jpg\" data-slide-type=\"image\"><img loading=\"lazy\" decoding=\"async\" src=\"https:\/\/www.christo-rugbyadapte.fr\/wordpress\/wp-content\/uploads\/190421.RCML_.006-1080x610.jpg\" height=\"610\" width=\"1080\" alt=\"\" class=\"slider-2439 slide-2610 msDefaultImage\" title=\"190421.RCML.006\" \/><\/li>\n                <li style=\"display: none; width: 100%;\" class=\"slide-2611 ms-image \" aria-roledescription=\"slide\" data-date=\"2019-04-26 14:31:46\" data-filename=\"190421.RCML_.008-1080x610.jpg\" data-slide-type=\"image\"><img loading=\"lazy\" decoding=\"async\" src=\"https:\/\/www.christo-rugbyadapte.fr\/wordpress\/wp-content\/uploads\/190421.RCML_.008-1080x610.jpg\" height=\"610\" width=\"1080\" alt=\"\" class=\"slider-2439 slide-2611 msDefaultImage\" title=\"190421.RCML.008\" \/><\/li>\n                <li style=\"display: none; width: 100%;\" class=\"slide-2612 ms-image \" aria-roledescription=\"slide\" data-date=\"2019-04-26 14:32:03\" data-filename=\"190421.RCML_.010-1080x610.jpg\" data-slide-type=\"image\"><img loading=\"lazy\" decoding=\"async\" src=\"https:\/\/www.christo-rugbyadapte.fr\/wordpress\/wp-content\/uploads\/190421.RCML_.010-1080x610.jpg\" height=\"610\" width=\"1080\" alt=\"\" class=\"slider-2439 slide-2612 msDefaultImage\" title=\"190421.RCML.010\" \/><\/li>\n                <li style=\"display: none; width: 100%;\" class=\"slide-2613 ms-image \" aria-roledescription=\"slide\" data-date=\"2019-04-26 14:32:03\" data-filename=\"190421.RCML_.011-1080x610.jpg\" data-slide-type=\"image\"><img loading=\"lazy\" decoding=\"async\" src=\"https:\/\/www.christo-rugbyadapte.fr\/wordpress\/wp-content\/uploads\/190421.RCML_.011-1080x610.jpg\" height=\"610\" width=\"1080\" alt=\"\" class=\"slider-2439 slide-2613 msDefaultImage\" title=\"190421.RCML.011\" \/><\/li>\n                <li style=\"display: none; width: 100%;\" class=\"slide-2614 ms-image \" aria-roledescription=\"slide\" data-date=\"2019-04-26 14:32:03\" data-filename=\"190421.RCML_.012-1080x610.jpg\" data-slide-type=\"image\"><img loading=\"lazy\" decoding=\"async\" src=\"https:\/\/www.christo-rugbyadapte.fr\/wordpress\/wp-content\/uploads\/190421.RCML_.012-1080x610.jpg\" height=\"610\" width=\"1080\" alt=\"\" class=\"slider-2439 slide-2614 msDefaultImage\" title=\"190421.RCML.012\" \/><\/li>\n                <li style=\"display: none; width: 100%;\" class=\"slide-2615 ms-image \" aria-roledescription=\"slide\" data-date=\"2019-04-26 14:32:04\" data-filename=\"190421.RCML_.013-1080x610.jpg\" data-slide-type=\"image\"><img loading=\"lazy\" decoding=\"async\" src=\"https:\/\/www.christo-rugbyadapte.fr\/wordpress\/wp-content\/uploads\/190421.RCML_.013-1080x610.jpg\" height=\"610\" width=\"1080\" alt=\"\" class=\"slider-2439 slide-2615 msDefaultImage\" title=\"190421.RCML.013\" \/><\/li>\n                <li style=\"display: none; width: 100%;\" class=\"slide-2616 ms-image \" aria-roledescription=\"slide\" data-date=\"2019-04-26 14:32:04\" data-filename=\"190421.RCML_.014-1080x610.jpg\" data-slide-type=\"image\"><img loading=\"lazy\" decoding=\"async\" src=\"https:\/\/www.christo-rugbyadapte.fr\/wordpress\/wp-content\/uploads\/190421.RCML_.014-1080x610.jpg\" height=\"610\" width=\"1080\" alt=\"\" class=\"slider-2439 slide-2616 msDefaultImage\" title=\"190421.RCML.014\" \/><\/li>\n                <li style=\"display: none; width: 100%;\" class=\"slide-2617 ms-image \" aria-roledescription=\"slide\" data-date=\"2019-04-26 14:32:04\" data-filename=\"190421.RCML_.015-1080x610.jpg\" data-slide-type=\"image\"><img loading=\"lazy\" decoding=\"async\" src=\"https:\/\/www.christo-rugbyadapte.fr\/wordpress\/wp-content\/uploads\/190421.RCML_.015-1080x610.jpg\" height=\"610\" width=\"1080\" alt=\"\" class=\"slider-2439 slide-2617 msDefaultImage\" title=\"190421.RCML.015\" \/><\/li>\n                <li style=\"display: none; width: 100%;\" class=\"slide-2618 ms-image \" aria-roledescription=\"slide\" data-date=\"2019-04-26 14:32:36\" data-filename=\"190421.RCML_.016-1080x610.jpg\" data-slide-type=\"image\"><img loading=\"lazy\" decoding=\"async\" src=\"https:\/\/www.christo-rugbyadapte.fr\/wordpress\/wp-content\/uploads\/190421.RCML_.016-1080x610.jpg\" height=\"610\" width=\"1080\" alt=\"\" class=\"slider-2439 slide-2618 msDefaultImage\" title=\"190421.RCML.016\" \/><\/li>\n                <li style=\"display: none; width: 100%;\" class=\"slide-2619 ms-image \" aria-roledescription=\"slide\" data-date=\"2019-04-26 14:32:36\" data-filename=\"190421.RCML_.017-1080x610.jpg\" data-slide-type=\"image\"><img loading=\"lazy\" decoding=\"async\" src=\"https:\/\/www.christo-rugbyadapte.fr\/wordpress\/wp-content\/uploads\/190421.RCML_.017-1080x610.jpg\" height=\"610\" width=\"1080\" alt=\"\" class=\"slider-2439 slide-2619 msDefaultImage\" title=\"190421.RCML.017\" \/><\/li>\n                <li style=\"display: none; width: 100%;\" class=\"slide-2622 ms-image \" aria-roledescription=\"slide\" data-date=\"2019-04-26 14:32:37\" data-filename=\"190421.RCML_.020-1080x610.jpg\" data-slide-type=\"image\"><img loading=\"lazy\" decoding=\"async\" src=\"https:\/\/www.christo-rugbyadapte.fr\/wordpress\/wp-content\/uploads\/190421.RCML_.020-1080x610.jpg\" height=\"610\" width=\"1080\" alt=\"\" class=\"slider-2439 slide-2622 msDefaultImage\" title=\"190421.RCML.020\" \/><\/li>\n                <li style=\"display: none; width: 100%;\" class=\"slide-2652 ms-image \" aria-roledescription=\"slide\" data-date=\"2019-05-04 12:48:05\" data-filename=\"190421.RCML_.024-1080x610.jpg\" data-slide-type=\"image\"><img loading=\"lazy\" decoding=\"async\" src=\"https:\/\/www.christo-rugbyadapte.fr\/wordpress\/wp-content\/uploads\/190421.RCML_.024-1080x610.jpg\" height=\"610\" width=\"1080\" alt=\"\" class=\"slider-2439 slide-2652 msDefaultImage\" title=\"190421.RCML.024\" \/><\/li>\n                <li style=\"display: none; width: 100%;\" class=\"slide-2653 ms-image \" aria-roledescription=\"slide\" data-date=\"2019-05-04 12:50:01\" data-filename=\"190421.RCML_.025-1080x610.jpg\" data-slide-type=\"image\"><img loading=\"lazy\" decoding=\"async\" src=\"https:\/\/www.christo-rugbyadapte.fr\/wordpress\/wp-content\/uploads\/190421.RCML_.025-1080x610.jpg\" height=\"610\" width=\"1080\" alt=\"\" class=\"slider-2439 slide-2653 msDefaultImage\" title=\"190421.RCML.025\" \/><\/li>\n                <li style=\"display: none; width: 100%;\" class=\"slide-2654 ms-image \" aria-roledescription=\"slide\" data-date=\"2019-05-04 12:50:23\" data-filename=\"190421.RCML_.037-1080x610.jpg\" data-slide-type=\"image\"><img loading=\"lazy\" decoding=\"async\" src=\"https:\/\/www.christo-rugbyadapte.fr\/wordpress\/wp-content\/uploads\/190421.RCML_.037-1080x610.jpg\" height=\"610\" width=\"1080\" alt=\"\" class=\"slider-2439 slide-2654 msDefaultImage\" title=\"190421.RCML.037\" \/><\/li>\n                <li style=\"display: none; width: 100%;\" class=\"slide-2655 ms-image \" aria-roledescription=\"slide\" data-date=\"2019-05-04 12:50:29\" data-filename=\"190421.RCML_.038-1080x610.jpg\" data-slide-type=\"image\"><img loading=\"lazy\" decoding=\"async\" src=\"https:\/\/www.christo-rugbyadapte.fr\/wordpress\/wp-content\/uploads\/190421.RCML_.038-1080x610.jpg\" height=\"610\" width=\"1080\" alt=\"\" class=\"slider-2439 slide-2655 msDefaultImage\" title=\"190421.RCML.038\" \/><\/li>\n                <li style=\"display: none; width: 100%;\" class=\"slide-2656 ms-image \" aria-roledescription=\"slide\" data-date=\"2019-05-04 12:50:36\" data-filename=\"190421.RCML_.039-1080x610.jpg\" data-slide-type=\"image\"><img loading=\"lazy\" decoding=\"async\" src=\"https:\/\/www.christo-rugbyadapte.fr\/wordpress\/wp-content\/uploads\/190421.RCML_.039-1080x610.jpg\" height=\"610\" width=\"1080\" alt=\"\" class=\"slider-2439 slide-2656 msDefaultImage\" title=\"190421.RCML.039\" \/><\/li>\n                <li style=\"display: none; width: 100%;\" class=\"slide-2657 ms-image \" aria-roledescription=\"slide\" data-date=\"2019-05-04 12:50:45\" data-filename=\"190421.RCML_.040-1080x610.jpg\" data-slide-type=\"image\"><img loading=\"lazy\" decoding=\"async\" src=\"https:\/\/www.christo-rugbyadapte.fr\/wordpress\/wp-content\/uploads\/190421.RCML_.040-1080x610.jpg\" height=\"610\" width=\"1080\" alt=\"\" class=\"slider-2439 slide-2657 msDefaultImage\" title=\"190421.RCML.040\" \/><\/li>\n                <li style=\"display: none; width: 100%;\" class=\"slide-2658 ms-image \" aria-roledescription=\"slide\" data-date=\"2019-05-04 12:50:57\" data-filename=\"190421.RCML_.041-1080x610.jpg\" data-slide-type=\"image\"><img loading=\"lazy\" decoding=\"async\" src=\"https:\/\/www.christo-rugbyadapte.fr\/wordpress\/wp-content\/uploads\/190421.RCML_.041-1080x610.jpg\" height=\"610\" width=\"1080\" alt=\"\" class=\"slider-2439 slide-2658 msDefaultImage\" title=\"190421.RCML.041\" \/><\/li>\n                <li style=\"display: none; width: 100%;\" class=\"slide-2661 ms-image \" aria-roledescription=\"slide\" data-date=\"2019-05-04 12:51:29\" data-filename=\"190421.RCML_.044-1080x610.jpg\" data-slide-type=\"image\"><img loading=\"lazy\" decoding=\"async\" src=\"https:\/\/www.christo-rugbyadapte.fr\/wordpress\/wp-content\/uploads\/190421.RCML_.044-1080x610.jpg\" height=\"610\" width=\"1080\" alt=\"\" class=\"slider-2439 slide-2661 msDefaultImage\" title=\"190421.RCML.044\" \/><\/li>\n                <li style=\"display: none; width: 100%;\" class=\"slide-2662 ms-image \" aria-roledescription=\"slide\" data-date=\"2019-05-04 12:51:56\" data-filename=\"190421.RCML_.050-1080x610.jpg\" data-slide-type=\"image\"><img loading=\"lazy\" decoding=\"async\" src=\"https:\/\/www.christo-rugbyadapte.fr\/wordpress\/wp-content\/uploads\/190421.RCML_.050-1080x610.jpg\" height=\"610\" width=\"1080\" alt=\"\" class=\"slider-2439 slide-2662 msDefaultImage\" title=\"190421.RCML.050\" \/><\/li>\n                <li style=\"display: none; width: 100%;\" class=\"slide-2663 ms-image \" aria-roledescription=\"slide\" data-date=\"2019-05-04 12:52:16\" data-filename=\"190421.RCML_.054-1080x610.jpg\" data-slide-type=\"image\"><img loading=\"lazy\" decoding=\"async\" src=\"https:\/\/www.christo-rugbyadapte.fr\/wordpress\/wp-content\/uploads\/190421.RCML_.054-1080x610.jpg\" height=\"610\" width=\"1080\" alt=\"\" class=\"slider-2439 slide-2663 msDefaultImage\" title=\"190421.RCML.054\" \/><\/li>\n                <li style=\"display: none; width: 100%;\" class=\"slide-2664 ms-image \" aria-roledescription=\"slide\" data-date=\"2019-05-04 12:52:16\" data-filename=\"190421.RCML_.055-1080x610.jpg\" data-slide-type=\"image\"><img loading=\"lazy\" decoding=\"async\" src=\"https:\/\/www.christo-rugbyadapte.fr\/wordpress\/wp-content\/uploads\/190421.RCML_.055-1080x610.jpg\" height=\"610\" width=\"1080\" alt=\"\" class=\"slider-2439 slide-2664 msDefaultImage\" title=\"190421.RCML.055\" \/><\/li>\n                <li style=\"display: none; width: 100%;\" class=\"slide-2665 ms-image \" aria-roledescription=\"slide\" data-date=\"2019-05-04 12:53:10\" data-filename=\"190421.RCML_.088-1080x610.jpg\" data-slide-type=\"image\"><img loading=\"lazy\" decoding=\"async\" src=\"https:\/\/www.christo-rugbyadapte.fr\/wordpress\/wp-content\/uploads\/190421.RCML_.088-1080x610.jpg\" height=\"610\" width=\"1080\" alt=\"\" class=\"slider-2439 slide-2665 msDefaultImage\" title=\"190421.RCML.088\" \/><\/li>\n                <li style=\"display: none; width: 100%;\" class=\"slide-2666 ms-image \" aria-roledescription=\"slide\" data-date=\"2019-05-04 12:53:19\" data-filename=\"190421.RCML_.089-1080x610.jpg\" data-slide-type=\"image\"><img loading=\"lazy\" decoding=\"async\" src=\"https:\/\/www.christo-rugbyadapte.fr\/wordpress\/wp-content\/uploads\/190421.RCML_.089-1080x610.jpg\" height=\"610\" width=\"1080\" alt=\"\" class=\"slider-2439 slide-2666 msDefaultImage\" title=\"190421.RCML.089\" \/><\/li>\n                <li style=\"display: none; width: 100%;\" class=\"slide-2667 ms-image \" aria-roledescription=\"slide\" data-date=\"2019-05-04 12:53:25\" data-filename=\"190421.RCML_.090-1080x610.jpg\" data-slide-type=\"image\"><img loading=\"lazy\" decoding=\"async\" src=\"https:\/\/www.christo-rugbyadapte.fr\/wordpress\/wp-content\/uploads\/190421.RCML_.090-1080x610.jpg\" height=\"610\" width=\"1080\" alt=\"\" class=\"slider-2439 slide-2667 msDefaultImage\" title=\"190421.RCML.090\" \/><\/li>\n                <li style=\"display: none; width: 100%;\" class=\"slide-2668 ms-image \" aria-roledescription=\"slide\" data-date=\"2019-05-04 12:53:33\" data-filename=\"190421.RCML_.091-1080x610.jpg\" data-slide-type=\"image\"><img loading=\"lazy\" decoding=\"async\" src=\"https:\/\/www.christo-rugbyadapte.fr\/wordpress\/wp-content\/uploads\/190421.RCML_.091-1080x610.jpg\" height=\"610\" width=\"1080\" alt=\"\" class=\"slider-2439 slide-2668 msDefaultImage\" title=\"190421.RCML.091\" \/><\/li>\n                <li style=\"display: none; width: 100%;\" class=\"slide-2669 ms-image \" aria-roledescription=\"slide\" data-date=\"2019-05-04 12:53:39\" data-filename=\"190421.RCML_.092-1080x610.jpg\" data-slide-type=\"image\"><img loading=\"lazy\" decoding=\"async\" src=\"https:\/\/www.christo-rugbyadapte.fr\/wordpress\/wp-content\/uploads\/190421.RCML_.092-1080x610.jpg\" height=\"610\" width=\"1080\" alt=\"\" class=\"slider-2439 slide-2669 msDefaultImage\" title=\"190421.RCML.092\" \/><\/li>\n                <li style=\"display: none; width: 100%;\" class=\"slide-2672 ms-image \" aria-roledescription=\"slide\" data-date=\"2019-05-04 12:54:01\" data-filename=\"190421.RCML_.237-1080x610.jpg\" data-slide-type=\"image\"><img loading=\"lazy\" decoding=\"async\" src=\"https:\/\/www.christo-rugbyadapte.fr\/wordpress\/wp-content\/uploads\/190421.RCML_.237-1080x610.jpg\" height=\"610\" width=\"1080\" alt=\"\" class=\"slider-2439 slide-2672 msDefaultImage\" title=\"190421.RCML.237\" \/><\/li>\n            <\/ul>\n        <\/div>\n        \n    <\/div>\n<\/div>\r\n\r\n\r\n\r\n<p>&nbsp;<\/p>\r\n\r\n<h4><span style=\"color: #000000;\"><strong>Novembre 2019 &#8211; Pr\u00e9sentation par la ligue Ile de France de rugby au festival Regard crois\u00e9s de St Malo d&rsquo;un court m\u00e9trage sur le rugby et le handicap mental.\u00a0<\/strong><\/span><\/h4>\r\n<blockquote>\r\n<p>&nbsp;<\/p>\r\n<\/blockquote>\r\n<p><iframe loading=\"lazy\" title=\"YouTube video player\" src=\"https:\/\/www.youtube.com\/embed\/zNDDvt4MyuY?si=sYZ0bkCzPNV3qIkP\" width=\"560\" height=\"315\" frameborder=\"0\" allowfullscreen=\"allowfullscreen\"><\/iframe><\/p>","protected":false},"excerpt":{"rendered":"<p>&nbsp; 21 Avril 2019 &#8211; Christo Rugby au Tournoi de rugby adapt\u00e9 de Mende en Loz\u00e8re &nbsp; Novembre 2019 &#8211; Pr\u00e9sentation par la ligue Ile de France de rugby au festival Regard crois\u00e9s de St Malo d&rsquo;un court m\u00e9trage sur le rugby et le handicap mental.\u00a0 &nbsp;<\/p>\n","protected":false},"author":1,"featured_media":0,"parent":0,"menu_order":0,"comment_status":"closed","ping_status":"closed","template":"","meta":{"footnotes":""},"class_list":["post-2697","page","type-page","status-publish","hentry","post"],"_links":{"self":[{"href":"https:\/\/www.christo-rugbyadapte.fr\/wordpress\/index.php?rest_route=\/wp\/v2\/pages\/2697","targetHints":{"allow":["GET"]}}],"collection":[{"href":"https:\/\/www.christo-rugbyadapte.fr\/wordpress\/index.php?rest_route=\/wp\/v2\/pages"}],"about":[{"href":"https:\/\/www.christo-rugbyadapte.fr\/wordpress\/index.php?rest_route=\/wp\/v2\/types\/page"}],"author":[{"embeddable":true,"href":"https:\/\/www.christo-rugbyadapte.fr\/wordpress\/index.php?rest_route=\/wp\/v2\/users\/1"}],"replies":[{"embeddable":true,"href":"https:\/\/www.christo-rugbyadapte.fr\/wordpress\/index.php?rest_route=%2Fwp%2Fv2%2Fcomments&post=2697"}],"version-history":[{"count":11,"href":"https:\/\/www.christo-rugbyadapte.fr\/wordpress\/index.php?rest_route=\/wp\/v2\/pages\/2697\/revisions"}],"predecessor-version":[{"id":3943,"href":"https:\/\/www.christo-rugbyadapte.fr\/wordpress\/index.php?rest_route=\/wp\/v2\/pages\/2697\/revisions\/3943"}],"wp:attachment":[{"href":"https:\/\/www.christo-rugbyadapte.fr\/wordpress\/index.php?rest_route=%2Fwp%2Fv2%2Fmedia&parent=2697"}],"curies":[{"name":"wp","href":"https:\/\/api.w.org\/{rel}","templated":true}]}}