{"id":2842,"date":"2019-07-30T18:43:36","date_gmt":"2019-07-30T18:43:36","guid":{"rendered":"http:\/\/www.christo-rugbyadapte.fr\/wordpress\/?page_id=2842"},"modified":"2023-11-08T14:48:05","modified_gmt":"2023-11-08T14:48:05","slug":"nos-partenaires-2","status":"publish","type":"page","link":"https:\/\/www.christo-rugbyadapte.fr\/wordpress\/?page_id=2842","title":{"rendered":"Nos partenaires"},"content":{"rendered":"\r\n<p>Nos remerciements \u00e0 la Mairie de Saint-Ouen l&rsquo;Aum\u00f4ne et \u00e0 son repr\u00e9sentant M. Gilbert DERUS (Maire Adjoint charg\u00e9 des Sports) qui nous mettent \u00e0 disposition le terrain et les infrastructures.<\/p>\r\n\r\n\r\n\r\n<p>Nos remerciements \u00e9galement aux\u00a0membres et dirigeants de l&rsquo;ASSOA\u00a0pour avoir accept\u00e9 d&rsquo;int\u00e9grer une section de sport adapt\u00e9.<\/p>\r\n\r\n<p><img loading=\"lazy\" decoding=\"async\" class=\"alignleft size-medium wp-image-1920\" src=\"https:\/\/www.christo-rugbyadapte.fr\/wordpress\/wp-content\/uploads\/Logo_Val_Oise-300x168.png\" alt=\"\" width=\"300\" height=\"168\" srcset=\"https:\/\/www.christo-rugbyadapte.fr\/wordpress\/wp-content\/uploads\/Logo_Val_Oise-300x168.png 300w, https:\/\/www.christo-rugbyadapte.fr\/wordpress\/wp-content\/uploads\/Logo_Val_Oise-768x429.png 768w, https:\/\/www.christo-rugbyadapte.fr\/wordpress\/wp-content\/uploads\/Logo_Val_Oise-1024x572.png 1024w, https:\/\/www.christo-rugbyadapte.fr\/wordpress\/wp-content\/uploads\/Logo_Val_Oise.png 1200w\" sizes=\"auto, (max-width: 300px) 100vw, 300px\" \/><img loading=\"lazy\" decoding=\"async\" class=\"alignleft size-full wp-image-1913\" src=\"https:\/\/www.christo-rugbyadapte.fr\/wordpress\/wp-content\/uploads\/Logo-Fondation-John-Bost.png\" alt=\"\" width=\"225\" height=\"225\" srcset=\"https:\/\/www.christo-rugbyadapte.fr\/wordpress\/wp-content\/uploads\/Logo-Fondation-John-Bost.png 225w, https:\/\/www.christo-rugbyadapte.fr\/wordpress\/wp-content\/uploads\/Logo-Fondation-John-Bost-150x150.png 150w\" sizes=\"auto, (max-width: 225px) 100vw, 225px\" \/><img loading=\"lazy\" decoding=\"async\" class=\"alignleft size-medium wp-image-1910\" src=\"https:\/\/www.christo-rugbyadapte.fr\/wordpress\/wp-content\/uploads\/Logo-Cergy-300x300.jpg\" alt=\"\" width=\"300\" height=\"300\" srcset=\"https:\/\/www.christo-rugbyadapte.fr\/wordpress\/wp-content\/uploads\/Logo-Cergy-300x300.jpg 300w, https:\/\/www.christo-rugbyadapte.fr\/wordpress\/wp-content\/uploads\/Logo-Cergy-150x150.jpg 150w, https:\/\/www.christo-rugbyadapte.fr\/wordpress\/wp-content\/uploads\/Logo-Cergy-768x768.jpg 768w, https:\/\/www.christo-rugbyadapte.fr\/wordpress\/wp-content\/uploads\/Logo-Cergy.jpg 800w\" sizes=\"auto, (max-width: 300px) 100vw, 300px\" \/><img loading=\"lazy\" decoding=\"async\" class=\"alignleft size-full wp-image-1918\" src=\"https:\/\/www.christo-rugbyadapte.fr\/wordpress\/wp-content\/uploads\/Logo-SOA.jpg\" alt=\"\" width=\"275\" height=\"299\" \/><img loading=\"lazy\" decoding=\"async\" class=\"alignleft size-medium wp-image-3042\" src=\"https:\/\/www.christo-rugbyadapte.fr\/wordpress\/wp-content\/uploads\/logos-FiPS_final-300x272.jpg\" alt=\"\" width=\"300\" height=\"272\" srcset=\"https:\/\/www.christo-rugbyadapte.fr\/wordpress\/wp-content\/uploads\/logos-FiPS_final-300x272.jpg 300w, https:\/\/www.christo-rugbyadapte.fr\/wordpress\/wp-content\/uploads\/logos-FiPS_final-768x696.jpg 768w, https:\/\/www.christo-rugbyadapte.fr\/wordpress\/wp-content\/uploads\/logos-FiPS_final-1024x927.jpg 1024w, https:\/\/www.christo-rugbyadapte.fr\/wordpress\/wp-content\/uploads\/logos-FiPS_final.jpg 1527w\" sizes=\"auto, (max-width: 300px) 100vw, 300px\" \/><img loading=\"lazy\" decoding=\"async\" class=\"alignleft size-medium wp-image-3951\" src=\"https:\/\/www.christo-rugbyadapte.fr\/wordpress\/wp-content\/uploads\/Logo-Eragny-1-300x149.png\" alt=\"\" width=\"300\" height=\"149\" srcset=\"https:\/\/www.christo-rugbyadapte.fr\/wordpress\/wp-content\/uploads\/Logo-Eragny-1-300x149.png 300w, https:\/\/www.christo-rugbyadapte.fr\/wordpress\/wp-content\/uploads\/Logo-Eragny-1.png 597w\" sizes=\"auto, (max-width: 300px) 100vw, 300px\" \/><img loading=\"lazy\" decoding=\"async\" class=\"alignleft size-full wp-image-1915\" src=\"https:\/\/www.christo-rugbyadapte.fr\/wordpress\/wp-content\/uploads\/Logo-Isor.png\" alt=\"\" width=\"180\" height=\"180\" srcset=\"https:\/\/www.christo-rugbyadapte.fr\/wordpress\/wp-content\/uploads\/Logo-Isor.png 180w, https:\/\/www.christo-rugbyadapte.fr\/wordpress\/wp-content\/uploads\/Logo-Isor-150x150.png 150w\" sizes=\"auto, (max-width: 180px) 100vw, 180px\" \/><img loading=\"lazy\" decoding=\"async\" class=\"alignleft size-medium wp-image-1908\" src=\"https:\/\/www.christo-rugbyadapte.fr\/wordpress\/wp-content\/uploads\/Logo-ACEF-300x292.jpg\" alt=\"\" width=\"300\" height=\"292\" srcset=\"https:\/\/www.christo-rugbyadapte.fr\/wordpress\/wp-content\/uploads\/Logo-ACEF-300x292.jpg 300w, https:\/\/www.christo-rugbyadapte.fr\/wordpress\/wp-content\/uploads\/Logo-ACEF.jpg 400w\" sizes=\"auto, (max-width: 300px) 100vw, 300px\" \/><img loading=\"lazy\" decoding=\"async\" class=\"alignleft size-medium wp-image-1916\" src=\"https:\/\/www.christo-rugbyadapte.fr\/wordpress\/wp-content\/uploads\/Logo-Original-flocker-300x150.png\" alt=\"\" width=\"300\" height=\"150\" srcset=\"https:\/\/www.christo-rugbyadapte.fr\/wordpress\/wp-content\/uploads\/Logo-Original-flocker-300x150.png 300w, https:\/\/www.christo-rugbyadapte.fr\/wordpress\/wp-content\/uploads\/Logo-Original-flocker.png 318w\" sizes=\"auto, (max-width: 300px) 100vw, 300px\" \/><img loading=\"lazy\" decoding=\"async\" class=\"alignleft size-medium wp-image-2833\" src=\"https:\/\/www.christo-rugbyadapte.fr\/wordpress\/wp-content\/uploads\/Widerkher-153x300.jpg\" alt=\"\" width=\"153\" height=\"300\" srcset=\"https:\/\/www.christo-rugbyadapte.fr\/wordpress\/wp-content\/uploads\/Widerkher-153x300.jpg 153w, https:\/\/www.christo-rugbyadapte.fr\/wordpress\/wp-content\/uploads\/Widerkher.jpg 165w\" sizes=\"auto, (max-width: 153px) 100vw, 153px\" \/><\/p>\r\n\r\n<h1 class=\"wp-block-heading\">\u00a0<\/h1>\r\n","protected":false},"excerpt":{"rendered":"<p>Nos remerciements \u00e0 la Mairie de Saint-Ouen l&rsquo;Aum\u00f4ne et \u00e0 son repr\u00e9sentant M. Gilbert DERUS (Maire Adjoint charg\u00e9 des Sports) qui nous mettent \u00e0 disposition le terrain et les infrastructures. Nos remerciements \u00e9galement aux\u00a0membres et dirigeants de l&rsquo;ASSOA\u00a0pour avoir accept\u00e9 d&rsquo;int\u00e9grer une section de sport adapt\u00e9. \u00a0<\/p>\n","protected":false},"author":1,"featured_media":0,"parent":0,"menu_order":0,"comment_status":"closed","ping_status":"closed","template":"","meta":{"footnotes":""},"class_list":["post-2842","page","type-page","status-publish","hentry","post"],"_links":{"self":[{"href":"https:\/\/www.christo-rugbyadapte.fr\/wordpress\/index.php?rest_route=\/wp\/v2\/pages\/2842","targetHints":{"allow":["GET"]}}],"collection":[{"href":"https:\/\/www.christo-rugbyadapte.fr\/wordpress\/index.php?rest_route=\/wp\/v2\/pages"}],"about":[{"href":"https:\/\/www.christo-rugbyadapte.fr\/wordpress\/index.php?rest_route=\/wp\/v2\/types\/page"}],"author":[{"embeddable":true,"href":"https:\/\/www.christo-rugbyadapte.fr\/wordpress\/index.php?rest_route=\/wp\/v2\/users\/1"}],"replies":[{"embeddable":true,"href":"https:\/\/www.christo-rugbyadapte.fr\/wordpress\/index.php?rest_route=%2Fwp%2Fv2%2Fcomments&post=2842"}],"version-history":[{"count":5,"href":"https:\/\/www.christo-rugbyadapte.fr\/wordpress\/index.php?rest_route=\/wp\/v2\/pages\/2842\/revisions"}],"predecessor-version":[{"id":3953,"href":"https:\/\/www.christo-rugbyadapte.fr\/wordpress\/index.php?rest_route=\/wp\/v2\/pages\/2842\/revisions\/3953"}],"wp:attachment":[{"href":"https:\/\/www.christo-rugbyadapte.fr\/wordpress\/index.php?rest_route=%2Fwp%2Fv2%2Fmedia&parent=2842"}],"curies":[{"name":"wp","href":"https:\/\/api.w.org\/{rel}","templated":true}]}}