{"id":2856,"date":"2019-07-30T20:04:00","date_gmt":"2019-07-30T20:04:00","guid":{"rendered":"http:\/\/www.christo-rugbyadapte.fr\/wordpress\/?page_id=2856"},"modified":"2021-09-23T17:02:29","modified_gmt":"2021-09-23T17:02:29","slug":"comme-partenaire","status":"publish","type":"page","link":"https:\/\/www.christo-rugbyadapte.fr\/wordpress\/?page_id=2856","title":{"rendered":""},"content":{"rendered":"\n<h1 class=\"wp-block-heading\"><strong>Et pourquoi pas vous ?<\/strong><\/h1>\n\n\n\n<p>Comme toute association, nous recherchons activement des partenaires. N&rsquo;h\u00e9sitez donc pas \u00e0 nous contacter si vous \u00eates int\u00e9ress\u00e9s ou m\u00eame si vous vous interrogez simplement.<\/p>\n\n\n\n<p>De plus,&nbsp;<strong>en devenant Partenaire de la section, vous b\u00e9n\u00e9ficierez d&rsquo;avantages fiscaux !<\/strong>&nbsp;(si vous \u00eates imposables, 66% de vos dons \u00e0 l&rsquo;association sera d\u00e9ductible de vos imp\u00f4ts. Pour les entreprises, contactez-nous pour conna\u00eetre les avantages).<\/p>\n\n\n\n<p><strong>Les vecteurs et valeurs de communication du Rugby : Solidarit\u00e9, Courage, Excellence &amp; Innovation sportive.<\/strong><\/p>\n\n\n\n<div class=\"wp-block-image\"><figure class=\"aligncenter\"><img decoding=\"async\" src=\"https:\/\/www.christo-rugbyadapte.fr\/wordpress\/wp-content\/uploads\/Vecteur02-208x300.jpg\" alt=\"\"\/><\/figure><\/div>\n\n\n\n<h3 class=\"wp-block-heading\">Certains Grands Groupes,&nbsp; utilisent d\u00e9j\u00e0 le Sport adapt\u00e9, pour d\u00e9velopper leur image.<\/h3>\n\n\n\n<p class=\"has-text-align-center\"><a href=\"https:\/\/www.christo-rugbyadapte.fr\/wordpress\/?page_id=2842\">Les partenaires qui nous suivent d\u00e9j\u00e0<\/a><\/p>\n","protected":false},"excerpt":{"rendered":"<p>Et pourquoi pas vous ? Comme toute association, nous recherchons activement des partenaires. N&rsquo;h\u00e9sitez donc pas \u00e0 nous contacter si vous \u00eates int\u00e9ress\u00e9s ou m\u00eame si vous vous interrogez simplement. De plus,&nbsp;en devenant Partenaire de la section, vous b\u00e9n\u00e9ficierez d&rsquo;avantages fiscaux !&nbsp;(si vous \u00eates imposables, 66% de vos dons \u00e0 l&rsquo;association sera d\u00e9ductible de vos [&hellip;]<\/p>\n","protected":false},"author":1,"featured_media":0,"parent":0,"menu_order":0,"comment_status":"closed","ping_status":"closed","template":"","meta":{"footnotes":""},"class_list":["post-2856","page","type-page","status-publish","hentry","post"],"_links":{"self":[{"href":"https:\/\/www.christo-rugbyadapte.fr\/wordpress\/index.php?rest_route=\/wp\/v2\/pages\/2856","targetHints":{"allow":["GET"]}}],"collection":[{"href":"https:\/\/www.christo-rugbyadapte.fr\/wordpress\/index.php?rest_route=\/wp\/v2\/pages"}],"about":[{"href":"https:\/\/www.christo-rugbyadapte.fr\/wordpress\/index.php?rest_route=\/wp\/v2\/types\/page"}],"author":[{"embeddable":true,"href":"https:\/\/www.christo-rugbyadapte.fr\/wordpress\/index.php?rest_route=\/wp\/v2\/users\/1"}],"replies":[{"embeddable":true,"href":"https:\/\/www.christo-rugbyadapte.fr\/wordpress\/index.php?rest_route=%2Fwp%2Fv2%2Fcomments&post=2856"}],"version-history":[{"count":5,"href":"https:\/\/www.christo-rugbyadapte.fr\/wordpress\/index.php?rest_route=\/wp\/v2\/pages\/2856\/revisions"}],"predecessor-version":[{"id":3993,"href":"https:\/\/www.christo-rugbyadapte.fr\/wordpress\/index.php?rest_route=\/wp\/v2\/pages\/2856\/revisions\/3993"}],"wp:attachment":[{"href":"https:\/\/www.christo-rugbyadapte.fr\/wordpress\/index.php?rest_route=%2Fwp%2Fv2%2Fmedia&parent=2856"}],"curies":[{"name":"wp","href":"https:\/\/api.w.org\/{rel}","templated":true}]}}