{"id":3126,"date":"2020-11-19T18:09:27","date_gmt":"2020-11-19T18:09:27","guid":{"rendered":"http:\/\/www.christo-rugbyadapte.fr\/wordpress\/?page_id=3126"},"modified":"2021-11-15T18:15:28","modified_gmt":"2021-11-15T18:15:28","slug":"comme-donateur","status":"publish","type":"page","link":"https:\/\/www.christo-rugbyadapte.fr\/wordpress\/?page_id=3126","title":{"rendered":"&#8230; comme donateur"},"content":{"rendered":"\n<p class=\"has-medium-font-size\"> <br><strong>Si vous souhaitez  soutenir notre association pour maintenir et d\u00e9velopper la vie de notre section, il est maintenant possible de nous faire des dons en ligne via HelloAsso ! Merci pour votre soutien ! <\/strong><\/p>\n\n\n\n<p class=\"has-text-align-center has-large-font-size\"><strong><a href=\"https:\/\/www.helloasso.com\/associations\/assoa-christo-rugby-adapte\/formulaires\/1\/widget\">FAIRE UN DON<\/a><\/strong><\/p>\n\n\n\n<h2 class=\"wp-block-heading\"><\/h2>\n\n\n\n<p><strong> Vous pouvez aussi remplir le bon t\u00e9l\u00e9chargeable ci-dessous  et nous adresser votre ch\u00e8que, libell\u00e9 \u00e0 l&rsquo;ordre de l&rsquo;association \u00ab\u00a0ASSOA Christo Rugby Adapt\u00e9\u00a0\u00bb \u00e0 l&rsquo;adresse suivante :<\/strong><\/p>\n\n\n\n<p>ASSOA Christo Rugby Adapt\u00e9<br>Chez Michel Pottier<br>Le Ponceau&nbsp;<br>10 rue des 3 c\u00e8dres&nbsp;<br>95000 Cergy<\/p>\n\n\n<p>[download id=\u00a0\u00bb3403&Prime;]<\/p>\n\n\n\n<p><\/p>\n\n\n\n<p><\/p>\n\n\n\n<p class=\"has-luminous-vivid-orange-color has-text-color\">IMPORTANT<\/p>\n\n\n\n<p>Le don \u00e0 ASSOA CHRISTO RUGBY ADAPTE ouvre droit \u00e0 une r\u00e9duction fiscale car il remplit les conditions g\u00e9n\u00e9rales pr\u00e9vues aux articles 200 et 238 bis du code g\u00e9n\u00e9ral des imp\u00f4ts. <\/p>\n\n\n\n<p>Si vous \u00eates imposable, 66 % de votre don \u00e0 ASSOA Christo &#8211; Rugby Adapt\u00e9 est d\u00e9ductible de vos imp\u00f4ts dans la limite de 20% de vos revenus imposables pour un particulier ou 60 % pour une entreprise.<\/p>\n\n\n\n<p class=\"has-luminous-vivid-orange-color has-text-color\"><strong>Exemple : un don de 60 \u20ac vous revient en r\u00e9alit\u00e9 \u00e0 20.40<\/strong><\/p>\n\n\n\n<div class=\"wp-block-columns has-2-columns is-layout-flex wp-container-core-columns-is-layout-9d6595d7 wp-block-columns-is-layout-flex\">\n<div class=\"wp-block-column is-layout-flow wp-block-column-is-layout-flow\">\n<p><\/p>\n<\/div>\n\n\n\n<div class=\"wp-block-column is-layout-flow wp-block-column-is-layout-flow\"><\/div>\n<\/div>\n\n\n\n<p><\/p>\n","protected":false},"excerpt":{"rendered":"<p>Si vous souhaitez soutenir notre association pour maintenir et d\u00e9velopper la vie de notre section, il est maintenant possible de nous faire des dons en ligne via HelloAsso ! Merci pour votre soutien ! FAIRE UN DON Vous pouvez aussi remplir le bon t\u00e9l\u00e9chargeable ci-dessous et nous adresser votre ch\u00e8que, libell\u00e9 \u00e0 l&rsquo;ordre de l&rsquo;association [&hellip;]<\/p>\n","protected":false},"author":1,"featured_media":0,"parent":0,"menu_order":0,"comment_status":"closed","ping_status":"closed","template":"","meta":{"footnotes":""},"class_list":["post-3126","page","type-page","status-publish","hentry","post"],"_links":{"self":[{"href":"https:\/\/www.christo-rugbyadapte.fr\/wordpress\/index.php?rest_route=\/wp\/v2\/pages\/3126","targetHints":{"allow":["GET"]}}],"collection":[{"href":"https:\/\/www.christo-rugbyadapte.fr\/wordpress\/index.php?rest_route=\/wp\/v2\/pages"}],"about":[{"href":"https:\/\/www.christo-rugbyadapte.fr\/wordpress\/index.php?rest_route=\/wp\/v2\/types\/page"}],"author":[{"embeddable":true,"href":"https:\/\/www.christo-rugbyadapte.fr\/wordpress\/index.php?rest_route=\/wp\/v2\/users\/1"}],"replies":[{"embeddable":true,"href":"https:\/\/www.christo-rugbyadapte.fr\/wordpress\/index.php?rest_route=%2Fwp%2Fv2%2Fcomments&post=3126"}],"version-history":[{"count":22,"href":"https:\/\/www.christo-rugbyadapte.fr\/wordpress\/index.php?rest_route=\/wp\/v2\/pages\/3126\/revisions"}],"predecessor-version":[{"id":3411,"href":"https:\/\/www.christo-rugbyadapte.fr\/wordpress\/index.php?rest_route=\/wp\/v2\/pages\/3126\/revisions\/3411"}],"wp:attachment":[{"href":"https:\/\/www.christo-rugbyadapte.fr\/wordpress\/index.php?rest_route=%2Fwp%2Fv2%2Fmedia&parent=3126"}],"curies":[{"name":"wp","href":"https:\/\/api.w.org\/{rel}","templated":true}]}}