{"id":3440,"date":"2022-05-22T09:55:43","date_gmt":"2022-05-22T09:55:43","guid":{"rendered":"https:\/\/www.christo-rugbyadapte.fr\/wordpress\/?page_id=3440"},"modified":"2022-05-22T09:57:18","modified_gmt":"2022-05-22T09:57:18","slug":"notre-boutique-en-ligne","status":"publish","type":"page","link":"https:\/\/www.christo-rugbyadapte.fr\/wordpress\/?page_id=3440","title":{"rendered":"Notre boutique en ligne"},"content":{"rendered":"<blockquote>\n<blockquote>\n<blockquote>\n<div dir=\"ltr\">\n<div dir=\"ltr\">\n<p>Notre boutique en ligne de v\u00eatements est enfin pr\u00eate!<\/p>\n<p>\u00c0 vous de faire briller l&rsquo;asso avec les \u00e9quipements Nike !<\/p>\n<p>Quelques infos importantes :<\/p>\n<ul>\n<li>Des conditions exclusives sur des produits phares Homme\/ Femme\/Enfant personnalisables avec le logo du club et\/ou initiales (4 caract\u00e8res : chiffres &amp; lettres).<\/li>\n<li>Vous \u00eates livr\u00e9s sous 7 jours en moyenne au club.<\/li>\n<li>Vous \u00eates directement en contact avec l&rsquo;\u00e9quipe support de la boutique via le tchat, pour r\u00e9pondre \u00e0 toutes vos questions<\/li>\n<\/ul>\n<\/div>\n<\/div>\n<\/blockquote>\n<ul>\n<li>\u00c0 tr\u00e8s vite sur la <a href=\"https:\/\/app.grinta.eu\/christo-rugby-adapte\">boutique<\/a><\/li>\n<\/ul>\n<\/blockquote>\n<\/blockquote>\n","protected":false},"excerpt":{"rendered":"<p>Notre boutique en ligne de v\u00eatements est enfin pr\u00eate! \u00c0 vous de faire briller l&rsquo;asso avec les \u00e9quipements Nike ! Quelques infos importantes : Des conditions exclusives sur des produits phares Homme\/ Femme\/Enfant personnalisables avec le logo du club et\/ou initiales (4 caract\u00e8res : chiffres &amp; lettres). Vous \u00eates livr\u00e9s sous 7 jours en moyenne [&hellip;]<\/p>\n","protected":false},"author":1,"featured_media":0,"parent":0,"menu_order":0,"comment_status":"closed","ping_status":"closed","template":"","meta":{"footnotes":""},"class_list":["post-3440","page","type-page","status-publish","hentry","post"],"_links":{"self":[{"href":"https:\/\/www.christo-rugbyadapte.fr\/wordpress\/index.php?rest_route=\/wp\/v2\/pages\/3440","targetHints":{"allow":["GET"]}}],"collection":[{"href":"https:\/\/www.christo-rugbyadapte.fr\/wordpress\/index.php?rest_route=\/wp\/v2\/pages"}],"about":[{"href":"https:\/\/www.christo-rugbyadapte.fr\/wordpress\/index.php?rest_route=\/wp\/v2\/types\/page"}],"author":[{"embeddable":true,"href":"https:\/\/www.christo-rugbyadapte.fr\/wordpress\/index.php?rest_route=\/wp\/v2\/users\/1"}],"replies":[{"embeddable":true,"href":"https:\/\/www.christo-rugbyadapte.fr\/wordpress\/index.php?rest_route=%2Fwp%2Fv2%2Fcomments&post=3440"}],"version-history":[{"count":3,"href":"https:\/\/www.christo-rugbyadapte.fr\/wordpress\/index.php?rest_route=\/wp\/v2\/pages\/3440\/revisions"}],"predecessor-version":[{"id":3444,"href":"https:\/\/www.christo-rugbyadapte.fr\/wordpress\/index.php?rest_route=\/wp\/v2\/pages\/3440\/revisions\/3444"}],"wp:attachment":[{"href":"https:\/\/www.christo-rugbyadapte.fr\/wordpress\/index.php?rest_route=%2Fwp%2Fv2%2Fmedia&parent=3440"}],"curies":[{"name":"wp","href":"https:\/\/api.w.org\/{rel}","templated":true}]}}