{"id":885,"date":"2015-09-22T12:09:54","date_gmt":"2015-09-22T12:09:54","guid":{"rendered":"http:\/\/www.christo-rugbyadapte.fr\/wordpress\/?page_id=885"},"modified":"2022-06-22T13:35:28","modified_gmt":"2022-06-22T13:35:28","slug":"lequipe-dirigeante","status":"publish","type":"page","link":"https:\/\/www.christo-rugbyadapte.fr\/wordpress\/?page_id=885","title":{"rendered":"L&rsquo;\u00e9quipe dirigeante"},"content":{"rendered":"<div id=\"pl-885\"  class=\"panel-layout\" ><div id=\"pg-885-0\"  class=\"panel-grid panel-has-style\" ><div class=\"panel-row-style panel-row-style-for-885-0\" ><div id=\"pgc-885-0-0\"  class=\"panel-grid-cell\" ><div id=\"panel-885-0-0-0\" class=\"so-panel widget widget_black-studio-tinymce widget_black_studio_tinymce panel-first-child panel-last-child\" data-index=\"0\" ><div class=\"panel-widget-style panel-widget-style-for-885-0-0-0\" ><div class=\"textwidget\"><p style=\"text-align: center;\"><a href=\"http:\/\/www.christo-rugbyadapte.fr\/wordpress\/wp-content\/uploads\/image46.jpeg\"><img loading=\"lazy\" decoding=\"async\" class=\"alignnone size-medium wp-image-1005\" src=\"http:\/\/www.christo-rugbyadapte.fr\/wordpress\/wp-content\/uploads\/image46-208x300.jpeg\" alt=\"image46\" width=\"208\" height=\"300\" srcset=\"https:\/\/www.christo-rugbyadapte.fr\/wordpress\/wp-content\/uploads\/image46-208x300.jpeg 208w, https:\/\/www.christo-rugbyadapte.fr\/wordpress\/wp-content\/uploads\/image46.jpeg 557w\" sizes=\"auto, (max-width: 208px) 100vw, 208px\" \/><\/a>\u00a0<\/p>\n<h2 style=\"text-align: center;\"><strong>Michel POTTIER<\/strong><\/h2>\n<h2 style=\"text-align: center;\"><strong><em>Pr\u00e9<\/em><\/strong><strong><em>sident<\/em><\/strong>\u00a0<\/h2>\n<p style=\"text-align: center;\"><em>Membre de la commission John Bost sur la R\u00e9flexion sur l' Evolution de la Prise en Charge de personnes, enfants adolescents et adultes atteints de troubles autistiques<\/em><\/p>\n<p>\u00a0<\/p>\n<\/div><\/div><\/div><\/div><\/div><\/div><div id=\"pg-885-1\"  class=\"panel-grid panel-has-style\" ><div class=\"panel-row-style panel-row-style-for-885-1\" ><div id=\"pgc-885-1-0\"  class=\"panel-grid-cell\" ><div id=\"panel-885-1-0-0\" class=\"so-panel widget widget_black-studio-tinymce widget_black_studio_tinymce panel-first-child panel-last-child\" data-index=\"1\" ><div class=\"panel-widget-style panel-widget-style-for-885-1-0-0\" ><div class=\"textwidget\"><p><img loading=\"lazy\" decoding=\"async\" class=\"size-medium wp-image-1836 aligncenter\" src=\"https:\/\/www.christo-rugbyadapte.fr\/wordpress\/wp-content\/uploads\/Michel-P_IMGP8424-e1531403006984-199x300.jpg\" alt=\"\" width=\"199\" height=\"300\" srcset=\"https:\/\/www.christo-rugbyadapte.fr\/wordpress\/wp-content\/uploads\/Michel-P_IMGP8424-e1531403006984-199x300.jpg 199w, https:\/\/www.christo-rugbyadapte.fr\/wordpress\/wp-content\/uploads\/Michel-P_IMGP8424-e1531403006984-768x1156.jpg 768w, https:\/\/www.christo-rugbyadapte.fr\/wordpress\/wp-content\/uploads\/Michel-P_IMGP8424-e1531403006984-680x1024.jpg 680w\" sizes=\"auto, (max-width: 199px) 100vw, 199px\" \/><\/p>\n<h2 style=\"text-align: center;\"><strong>Michel POTTIER<\/strong><\/h2>\n<h2 style=\"text-align: center;\"><em><strong>Vice Pr\u00e9sident<\/strong><\/em><\/h2>\n<h2 style=\"text-align: center;\"><em><strong>Charg\u00e9 de la Communication institutionnelle et des Partenariats<\/strong><\/em><\/h2>\n<\/div><\/div><\/div><\/div><div id=\"pgc-885-1-1\"  class=\"panel-grid-cell\" ><div id=\"panel-885-1-1-0\" class=\"so-panel widget widget_black-studio-tinymce widget_black_studio_tinymce panel-first-child panel-last-child\" data-index=\"2\" ><div class=\"panel-widget-style panel-widget-style-for-885-1-1-0\" ><div class=\"textwidget\"><p><img loading=\"lazy\" decoding=\"async\" class=\"size-medium wp-image-1012 aligncenter\" src=\"https:\/\/www.christo-rugbyadapte.fr\/wordpress\/wp-content\/uploads\/image53-201x300.jpeg\" alt=\"\" width=\"201\" height=\"300\" srcset=\"https:\/\/www.christo-rugbyadapte.fr\/wordpress\/wp-content\/uploads\/image53-201x300.jpeg 201w, https:\/\/www.christo-rugbyadapte.fr\/wordpress\/wp-content\/uploads\/image53.jpeg 495w\" sizes=\"auto, (max-width: 201px) 100vw, 201px\" \/><\/p>\n<h2 style=\"text-align: center;\"><strong>David FORTIER<\/strong><\/h2>\n<h2 style=\"text-align: center;\"><em>Vice Pr\u00e9sident<\/em><\/h2>\n<h2 style=\"text-align: center;\"><\/h2>\n<\/div><\/div><\/div><\/div><\/div><\/div><div id=\"pg-885-2\"  class=\"panel-grid panel-no-style\" ><div id=\"pgc-885-2-0\"  class=\"panel-grid-cell\" ><div id=\"panel-885-2-0-0\" class=\"so-panel widget widget_black-studio-tinymce widget_black_studio_tinymce panel-first-child panel-last-child\" data-index=\"3\" ><div class=\"panel-widget-style panel-widget-style-for-885-2-0-0\" ><div class=\"textwidget\"><p><img loading=\"lazy\" decoding=\"async\" class=\"size-medium wp-image-142 aligncenter\" src=\"http:\/\/www.christo-rugbyadapte.fr\/wordpress\/wp-content\/uploads\/Mascotte-211x300.jpg\" alt=\"Mascotte\" width=\"211\" height=\"300\" srcset=\"https:\/\/www.christo-rugbyadapte.fr\/wordpress\/wp-content\/uploads\/Mascotte-211x300.jpg 211w, https:\/\/www.christo-rugbyadapte.fr\/wordpress\/wp-content\/uploads\/Mascotte.jpg 345w\" sizes=\"auto, (max-width: 211px) 100vw, 211px\" \/><\/p>\n<h2 style=\"text-align: center;\"><strong>Anne POTTIER<\/strong><\/h2>\n<h2 style=\"text-align: center;\"><em>Secr\u00e9taire\u00a0<\/em><\/h2>\n<h2 style=\"text-align: center;\"><\/h2>\n<\/div><\/div><\/div><\/div><div id=\"pgc-885-2-1\"  class=\"panel-grid-cell\" ><div id=\"panel-885-2-1-0\" class=\"so-panel widget widget_black-studio-tinymce widget_black_studio_tinymce panel-first-child panel-last-child\" data-index=\"4\" ><div class=\"panel-widget-style panel-widget-style-for-885-2-1-0\" ><div class=\"textwidget\"><h2 style=\"text-align: center;\"><img loading=\"lazy\" decoding=\"async\" class=\"size-medium wp-image-1768 alignnone\" src=\"https:\/\/www.christo-rugbyadapte.fr\/wordpress\/wp-content\/uploads\/Casa_IMGP8415-1-e1531403462997-199x300.jpg\" alt=\"\" width=\"199\" height=\"300\" srcset=\"https:\/\/www.christo-rugbyadapte.fr\/wordpress\/wp-content\/uploads\/Casa_IMGP8415-1-e1531403462997-199x300.jpg 199w, https:\/\/www.christo-rugbyadapte.fr\/wordpress\/wp-content\/uploads\/Casa_IMGP8415-1-e1531403462997-768x1156.jpg 768w, https:\/\/www.christo-rugbyadapte.fr\/wordpress\/wp-content\/uploads\/Casa_IMGP8415-1-e1531403462997-680x1024.jpg 680w\" sizes=\"auto, (max-width: 199px) 100vw, 199px\" \/><\/h2>\n<h2 style=\"text-align: center;\"><strong>Jean-Pierre CASASSUS<\/strong><\/h2>\n<h2 style=\"text-align: center;\"><em>Tr\u00e9sorier<\/em><\/h2>\n<\/div><\/div><\/div><\/div><div id=\"pgc-885-2-2\"  class=\"panel-grid-cell\" ><div id=\"panel-885-2-2-0\" class=\"so-panel widget widget_black-studio-tinymce widget_black_studio_tinymce panel-first-child panel-last-child\" data-index=\"5\" ><div class=\"panel-widget-style panel-widget-style-for-885-2-2-0\" ><div class=\"textwidget\"><p><a href=\"http:\/\/www.christo-rugbyadapte.fr\/wordpress\/wp-content\/uploads\/image34.jpeg\"><img loading=\"lazy\" decoding=\"async\" class=\"size-medium wp-image-2496 aligncenter\" src=\"https:\/\/www.christo-rugbyadapte.fr\/wordpress\/wp-content\/uploads\/Jean-Claude_Charbonnel-1-245x300.jpg\" alt=\"\" width=\"245\" height=\"300\" srcset=\"https:\/\/www.christo-rugbyadapte.fr\/wordpress\/wp-content\/uploads\/Jean-Claude_Charbonnel-1-245x300.jpg 245w, https:\/\/www.christo-rugbyadapte.fr\/wordpress\/wp-content\/uploads\/Jean-Claude_Charbonnel-1-768x941.jpg 768w, https:\/\/www.christo-rugbyadapte.fr\/wordpress\/wp-content\/uploads\/Jean-Claude_Charbonnel-1-836x1024.jpg 836w, https:\/\/www.christo-rugbyadapte.fr\/wordpress\/wp-content\/uploads\/Jean-Claude_Charbonnel-1.jpg 1970w\" sizes=\"auto, (max-width: 245px) 100vw, 245px\" \/><\/a><\/p>\n<h2 style=\"text-align: center;\"><strong>Jean-Claude CHARBONNEL<\/strong><\/h2>\n<h2 style=\"text-align: center;\"><em>Responsable intendance et mat\u00e9riel<\/em><\/h2>\n<\/div><\/div><\/div><\/div><\/div><div id=\"pg-885-3\"  class=\"panel-grid panel-no-style\" ><div id=\"pgc-885-3-0\"  class=\"panel-grid-cell\" ><div id=\"panel-885-3-0-0\" class=\"so-panel widget widget_black-studio-tinymce widget_black_studio_tinymce panel-first-child panel-last-child\" data-index=\"6\" ><div class=\"panel-widget-style panel-widget-style-for-885-3-0-0\" ><div class=\"textwidget\"><p>&nbsp;<\/p>\n<h2><img loading=\"lazy\" decoding=\"async\" class=\"size-medium wp-image-2494 aligncenter\" src=\"https:\/\/www.christo-rugbyadapte.fr\/wordpress\/wp-content\/uploads\/Fabien-Broussard1-234x300.jpg\" alt=\"\" width=\"234\" height=\"300\" srcset=\"https:\/\/www.christo-rugbyadapte.fr\/wordpress\/wp-content\/uploads\/Fabien-Broussard1-234x300.jpg 234w, https:\/\/www.christo-rugbyadapte.fr\/wordpress\/wp-content\/uploads\/Fabien-Broussard1-768x984.jpg 768w, https:\/\/www.christo-rugbyadapte.fr\/wordpress\/wp-content\/uploads\/Fabien-Broussard1-799x1024.jpg 799w, https:\/\/www.christo-rugbyadapte.fr\/wordpress\/wp-content\/uploads\/Fabien-Broussard1.jpg 1844w\" sizes=\"auto, (max-width: 234px) 100vw, 234px\" \/><\/h2>\n<h2 style=\"text-align: center;\"><strong>Fabien BROUSSARD<\/strong><\/h2>\n<h2 style=\"text-align: center;\"><em>Responsable technique<\/em><\/h2>\n<\/div><\/div><\/div><\/div><div id=\"pgc-885-3-1\"  class=\"panel-grid-cell\" ><div id=\"panel-885-3-1-0\" class=\"so-panel widget widget_black-studio-tinymce widget_black_studio_tinymce panel-first-child panel-last-child\" data-index=\"7\" ><div class=\"panel-widget-style panel-widget-style-for-885-3-1-0\" ><div class=\"textwidget\"><p><img loading=\"lazy\" decoding=\"async\" class=\"size-medium wp-image-1106 aligncenter\" src=\"https:\/\/www.christo-rugbyadapte.fr\/wordpress\/wp-content\/uploads\/image64-220x300.png\" alt=\"\" width=\"220\" height=\"300\" srcset=\"https:\/\/www.christo-rugbyadapte.fr\/wordpress\/wp-content\/uploads\/image64-220x300.png 220w, https:\/\/www.christo-rugbyadapte.fr\/wordpress\/wp-content\/uploads\/image64.png 378w\" sizes=\"auto, (max-width: 220px) 100vw, 220px\" \/><\/p>\n<h2 style=\"text-align: center;\"><strong>St\u00e9phane PESCHARD\u00a0\u00a0<\/strong><\/h2>\n<h2 style=\"text-align: center;\"><em>\u00a0Responsable\u00a0 technique<\/em><\/h2>\n<\/div><\/div><\/div><\/div><div id=\"pgc-885-3-2\"  class=\"panel-grid-cell\" ><div id=\"panel-885-3-2-0\" class=\"so-panel widget widget_black-studio-tinymce widget_black_studio_tinymce panel-first-child panel-last-child\" data-index=\"8\" ><div class=\"panel-widget-style panel-widget-style-for-885-3-2-0\" ><div class=\"textwidget\"><p><img loading=\"lazy\" decoding=\"async\" class=\"size-medium wp-image-1768 aligncenter\" src=\"https:\/\/www.christo-rugbyadapte.fr\/wordpress\/wp-content\/uploads\/Casa_IMGP8415-1-e1531403462997-199x300.jpg\" alt=\"\" width=\"199\" height=\"300\" srcset=\"https:\/\/www.christo-rugbyadapte.fr\/wordpress\/wp-content\/uploads\/Casa_IMGP8415-1-e1531403462997-199x300.jpg 199w, https:\/\/www.christo-rugbyadapte.fr\/wordpress\/wp-content\/uploads\/Casa_IMGP8415-1-e1531403462997-768x1156.jpg 768w, https:\/\/www.christo-rugbyadapte.fr\/wordpress\/wp-content\/uploads\/Casa_IMGP8415-1-e1531403462997-680x1024.jpg 680w\" sizes=\"auto, (max-width: 199px) 100vw, 199px\" \/><\/p>\n<h2 style=\"text-align: center;\"><strong>Jean Pierre CASASSUS<\/strong><\/h2>\n<h2 style=\"text-align: center;\"><em>Responsable technique adjoint<\/em><\/h2>\n<\/div><\/div><\/div><\/div><\/div><div id=\"pg-885-4\"  class=\"panel-grid panel-no-style\" ><div id=\"pgc-885-4-0\"  class=\"panel-grid-cell\" ><div id=\"panel-885-4-0-0\" class=\"so-panel widget widget_black-studio-tinymce widget_black_studio_tinymce panel-first-child panel-last-child\" data-index=\"9\" ><div class=\"panel-widget-style panel-widget-style-for-885-4-0-0\" ><div class=\"textwidget\"><p>&nbsp;<\/p>\n<h2 style=\"text-align: center;\"><img loading=\"lazy\" decoding=\"async\" class=\"size-medium wp-image-963 aligncenter\" src=\"https:\/\/www.christo-rugbyadapte.fr\/wordpress\/wp-content\/uploads\/image4-208x300.jpeg\" alt=\"\" width=\"208\" height=\"300\" srcset=\"https:\/\/www.christo-rugbyadapte.fr\/wordpress\/wp-content\/uploads\/image4-208x300.jpeg 208w, https:\/\/www.christo-rugbyadapte.fr\/wordpress\/wp-content\/uploads\/image4.jpeg 496w\" sizes=\"auto, (max-width: 208px) 100vw, 208px\" \/><\/h2>\n<h2 style=\"text-align: center;\"><strong>Delphine DUCROS<\/strong><\/h2>\n<h2 style=\"text-align: center;\"><em>Repr\u00e9sentante des joueurs<\/em><\/h2>\n<\/div><\/div><\/div><\/div><div id=\"pgc-885-4-1\"  class=\"panel-grid-cell\" ><div id=\"panel-885-4-1-0\" class=\"so-panel widget widget_black-studio-tinymce widget_black_studio_tinymce panel-first-child panel-last-child\" data-index=\"10\" ><div class=\"panel-widget-style panel-widget-style-for-885-4-1-0\" ><div class=\"textwidget\"><p><img loading=\"lazy\" decoding=\"async\" class=\"size-medium wp-image-142 aligncenter\" src=\"http:\/\/www.christo-rugbyadapte.fr\/wordpress\/wp-content\/uploads\/Mascotte-211x300.jpg\" alt=\"\" width=\"211\" height=\"300\" srcset=\"https:\/\/www.christo-rugbyadapte.fr\/wordpress\/wp-content\/uploads\/Mascotte-211x300.jpg 211w, https:\/\/www.christo-rugbyadapte.fr\/wordpress\/wp-content\/uploads\/Mascotte.jpg 345w\" sizes=\"auto, (max-width: 211px) 100vw, 211px\" \/><\/p>\n<h2 style=\"text-align: center;\"><strong>Poste vacant<\/strong><\/h2>\n<h2 style=\"text-align: center;\"><em>\u00a0Infirmier (i\u00e8re)<\/em><\/h2>\n<\/div><\/div><\/div><\/div><div id=\"pgc-885-4-2\"  class=\"panel-grid-cell\" ><div id=\"panel-885-4-2-0\" class=\"so-panel widget widget_black-studio-tinymce widget_black_studio_tinymce panel-first-child panel-last-child\" data-index=\"11\" ><div class=\"panel-widget-style panel-widget-style-for-885-4-2-0\" ><div class=\"textwidget\"><p><img loading=\"lazy\" decoding=\"async\" class=\"size-medium wp-image-142 aligncenter\" src=\"http:\/\/www.christo-rugbyadapte.fr\/wordpress\/wp-content\/uploads\/Mascotte-211x300.jpg\" alt=\"\" width=\"211\" height=\"300\" srcset=\"https:\/\/www.christo-rugbyadapte.fr\/wordpress\/wp-content\/uploads\/Mascotte-211x300.jpg 211w, https:\/\/www.christo-rugbyadapte.fr\/wordpress\/wp-content\/uploads\/Mascotte.jpg 345w\" sizes=\"auto, (max-width: 211px) 100vw, 211px\" \/><\/p>\n<p>&nbsp;<\/p>\n<h2 style=\"text-align: center;\"><strong>Christine MALLERET<\/strong><\/h2>\n<h2 style=\"text-align: center;\"><em>Responsable site Web<\/em><\/h2>\n<\/div><\/div><\/div><\/div><div id=\"pgc-885-4-3\"  class=\"panel-grid-cell\" ><div id=\"panel-885-4-3-0\" class=\"so-panel widget widget_black-studio-tinymce widget_black_studio_tinymce panel-first-child panel-last-child\" data-index=\"12\" ><div class=\"panel-widget-style panel-widget-style-for-885-4-3-0\" ><div class=\"textwidget\"><p>&nbsp;<\/p>\n<h2><img loading=\"lazy\" decoding=\"async\" class=\"size-medium wp-image-2275 aligncenter\" src=\"http:\/\/www.christo-rugbyadapte.fr\/wordpress\/wp-content\/uploads\/Delphine_Nguyen-278x300.jpg\" alt=\"\" width=\"278\" height=\"300\" srcset=\"https:\/\/www.christo-rugbyadapte.fr\/wordpress\/wp-content\/uploads\/Delphine_Nguyen-278x300.jpg 278w, https:\/\/www.christo-rugbyadapte.fr\/wordpress\/wp-content\/uploads\/Delphine_Nguyen-768x830.jpg 768w, https:\/\/www.christo-rugbyadapte.fr\/wordpress\/wp-content\/uploads\/Delphine_Nguyen-947x1024.jpg 947w\" sizes=\"auto, (max-width: 278px) 100vw, 278px\" \/><\/h2>\n<h2 style=\"text-align: center;\"><strong>Delphine NGUYEN<\/strong><\/h2>\n<h2 style=\"text-align: center;\"><em>Responsable communication digitale<\/em><\/h2>\n<\/div><\/div><\/div><\/div><\/div><div id=\"pg-885-5\"  class=\"panel-grid panel-no-style\" ><div id=\"pgc-885-5-0\"  class=\"panel-grid-cell\" ><div id=\"panel-885-5-0-0\" class=\"so-panel widget widget_black-studio-tinymce widget_black_studio_tinymce panel-first-child panel-last-child\" data-index=\"13\" ><div class=\"panel-widget-style panel-widget-style-for-885-5-0-0\" ><div class=\"textwidget\"><h4 style=\"text-align: center;\">Renforts d'une saison ou de toujours, ils viennent nous donner un coup de main sur le terrain et en dehors<\/h4>\n<\/div><\/div><\/div><\/div><\/div><div id=\"pg-885-6\"  class=\"panel-grid panel-no-style\" ><div id=\"pgc-885-6-0\"  class=\"panel-grid-cell panel-grid-cell-empty\" ><\/div><div id=\"pgc-885-6-1\"  class=\"panel-grid-cell\" ><div id=\"panel-885-6-1-0\" class=\"so-panel widget widget_black-studio-tinymce widget_black_studio_tinymce panel-first-child panel-last-child\" data-index=\"14\" ><div class=\"panel-widget-style panel-widget-style-for-885-6-1-0\" ><div class=\"textwidget\"><p><img loading=\"lazy\" decoding=\"async\" class=\"size-medium wp-image-1108 aligncenter\" src=\"http:\/\/www.christo-rugbyadapte.fr\/wordpress\/wp-content\/uploads\/image66-232x300.png\" alt=\"\" width=\"232\" height=\"300\" srcset=\"https:\/\/www.christo-rugbyadapte.fr\/wordpress\/wp-content\/uploads\/image66-232x300.png 232w, https:\/\/www.christo-rugbyadapte.fr\/wordpress\/wp-content\/uploads\/image66.png 369w\" sizes=\"auto, (max-width: 232px) 100vw, 232px\" \/><\/p>\n<h2 style=\"text-align: center;\"><strong>Gilbert DERUS<\/strong><\/h2>\n<h2 style=\"text-align: center;\"><em>\u00a0Maire adjoint charg\u00e9 des sports de St Ouen L'Aum\u00f4ne<\/em><\/h2>\n<\/div><\/div><\/div><\/div><div id=\"pgc-885-6-2\"  class=\"panel-grid-cell panel-grid-cell-mobile-last\" ><div id=\"panel-885-6-2-0\" class=\"so-panel widget widget_black-studio-tinymce widget_black_studio_tinymce panel-first-child panel-last-child\" data-index=\"15\" ><div class=\"panel-widget-style panel-widget-style-for-885-6-2-0\" ><div class=\"textwidget\"><p><img loading=\"lazy\" decoding=\"async\" class=\"size-medium wp-image-142 aligncenter\" src=\"http:\/\/www.christo-rugbyadapte.fr\/wordpress\/wp-content\/uploads\/Mascotte-211x300.jpg\" alt=\"\" width=\"211\" height=\"300\" srcset=\"https:\/\/www.christo-rugbyadapte.fr\/wordpress\/wp-content\/uploads\/Mascotte-211x300.jpg 211w, https:\/\/www.christo-rugbyadapte.fr\/wordpress\/wp-content\/uploads\/Mascotte.jpg 345w\" sizes=\"auto, (max-width: 211px) 100vw, 211px\" \/><\/p>\n<p>&nbsp;<\/p>\n<h2 style=\"text-align: center;\"><strong>Philippe LAMBERT<\/strong><\/h2>\n<h2 style=\"text-align: center;\"><\/h2>\n<\/div><\/div><\/div><\/div><div id=\"pgc-885-6-3\"  class=\"panel-grid-cell panel-grid-cell-empty\" ><\/div><\/div><\/div>","protected":false},"excerpt":{"rendered":"<p>\u00a0Michel POTTIERPr\u00e9sident\u00a0Membre de la commission John Bost sur la R\u00e9flexion sur l&rsquo; Evolution de la Prise en Charge de personnes, enfants adolescents et adultes atteints de troubles autistiques\u00a0 Michel POTTIER Vice Pr\u00e9sident Charg\u00e9 de la Communication institutionnelle et des Partenariats David FORTIER Vice Pr\u00e9sident<\/p>\n","protected":false},"author":1,"featured_media":0,"parent":0,"menu_order":0,"comment_status":"open","ping_status":"closed","template":"","meta":{"footnotes":""},"class_list":["post-885","page","type-page","status-publish","hentry","post"],"_links":{"self":[{"href":"https:\/\/www.christo-rugbyadapte.fr\/wordpress\/index.php?rest_route=\/wp\/v2\/pages\/885","targetHints":{"allow":["GET"]}}],"collection":[{"href":"https:\/\/www.christo-rugbyadapte.fr\/wordpress\/index.php?rest_route=\/wp\/v2\/pages"}],"about":[{"href":"https:\/\/www.christo-rugbyadapte.fr\/wordpress\/index.php?rest_route=\/wp\/v2\/types\/page"}],"author":[{"embeddable":true,"href":"https:\/\/www.christo-rugbyadapte.fr\/wordpress\/index.php?rest_route=\/wp\/v2\/users\/1"}],"replies":[{"embeddable":true,"href":"https:\/\/www.christo-rugbyadapte.fr\/wordpress\/index.php?rest_route=%2Fwp%2Fv2%2Fcomments&post=885"}],"version-history":[{"count":71,"href":"https:\/\/www.christo-rugbyadapte.fr\/wordpress\/index.php?rest_route=\/wp\/v2\/pages\/885\/revisions"}],"predecessor-version":[{"id":3561,"href":"https:\/\/www.christo-rugbyadapte.fr\/wordpress\/index.php?rest_route=\/wp\/v2\/pages\/885\/revisions\/3561"}],"wp:attachment":[{"href":"https:\/\/www.christo-rugbyadapte.fr\/wordpress\/index.php?rest_route=%2Fwp%2Fv2%2Fmedia&parent=885"}],"curies":[{"name":"wp","href":"https:\/\/api.w.org\/{rel}","templated":true}]}}