{"id":913,"date":"2015-10-03T07:16:39","date_gmt":"2015-10-03T07:16:39","guid":{"rendered":"http:\/\/www.christo-rugbyadapte.fr\/wordpress\/?page_id=913"},"modified":"2019-04-26T14:19:46","modified_gmt":"2019-04-26T14:19:46","slug":"ils-parlent-de-nous","status":"publish","type":"page","link":"https:\/\/www.christo-rugbyadapte.fr\/wordpress\/?page_id=913","title":{"rendered":"Ils parlent de nous"},"content":{"rendered":"<p style=\"text-align: center;\">Article paru\u00a0 dans le journal de la ville de St Ouen L&rsquo;Aum\u00f4ne &#8211; mars 2019 &#8211; suite au palmar\u00e8s du troph\u00e9e de la Pr\u00e9vention Sant\u00e9<\/p>\n<p style=\"text-align: center;\">[download id=\u00a0\u00bb2579&Prime;]<\/p>\n<p><img loading=\"lazy\" decoding=\"async\" class=\"alignleft size-medium wp-image-2587\" src=\"https:\/\/www.christo-rugbyadapte.fr\/wordpress\/wp-content\/uploads\/Aticle-journal-SOA1-239x300.png\" alt=\"\" width=\"239\" height=\"300\" srcset=\"https:\/\/www.christo-rugbyadapte.fr\/wordpress\/wp-content\/uploads\/Aticle-journal-SOA1-239x300.png 239w, https:\/\/www.christo-rugbyadapte.fr\/wordpress\/wp-content\/uploads\/Aticle-journal-SOA1.png 651w\" sizes=\"auto, (max-width: 239px) 100vw, 239px\" \/> <img loading=\"lazy\" decoding=\"async\" class=\"size-medium wp-image-2586 alignleft\" src=\"https:\/\/www.christo-rugbyadapte.fr\/wordpress\/wp-content\/uploads\/Article-journal-SOA3-224x300.jpg\" alt=\"\" width=\"224\" height=\"300\" srcset=\"https:\/\/www.christo-rugbyadapte.fr\/wordpress\/wp-content\/uploads\/Article-journal-SOA3-224x300.jpg 224w, https:\/\/www.christo-rugbyadapte.fr\/wordpress\/wp-content\/uploads\/Article-journal-SOA3.jpg 590w\" sizes=\"auto, (max-width: 224px) 100vw, 224px\" \/> <img loading=\"lazy\" decoding=\"async\" class=\"size-medium wp-image-2585 alignleft\" src=\"https:\/\/www.christo-rugbyadapte.fr\/wordpress\/wp-content\/uploads\/Article-journal-SOA2-237x300.jpg\" alt=\"\" width=\"237\" height=\"300\" srcset=\"https:\/\/www.christo-rugbyadapte.fr\/wordpress\/wp-content\/uploads\/Article-journal-SOA2-237x300.jpg 237w, https:\/\/www.christo-rugbyadapte.fr\/wordpress\/wp-content\/uploads\/Article-journal-SOA2.jpg 759w\" sizes=\"auto, (max-width: 237px) 100vw, 237px\" \/><\/p>\n<p>&nbsp;<\/p>\n<p>&nbsp;<\/p>\n<p>&nbsp;<\/p>\n<p>&nbsp;<\/p>\n<p>&nbsp;<\/p>\n<p>&nbsp;<\/p>\n<p>&nbsp;<\/p>\n<p>&nbsp;<\/p>\n<p>&nbsp;<\/p>\n<p style=\"text-align: center;\">Article paru\u00a0 dans le journal de la ville de St Ouen L&rsquo;Aum\u00f4ne &#8211; Juin 2018<\/p>\n<p><img loading=\"lazy\" decoding=\"async\" class=\"size-medium wp-image-1890 aligncenter\" src=\"https:\/\/www.christo-rugbyadapte.fr\/wordpress\/wp-content\/uploads\/Article-062018-soa-163x300.jpg\" alt=\"Article 062018 soa\" width=\"163\" height=\"300\" srcset=\"https:\/\/www.christo-rugbyadapte.fr\/wordpress\/wp-content\/uploads\/Article-062018-soa-163x300.jpg 163w, https:\/\/www.christo-rugbyadapte.fr\/wordpress\/wp-content\/uploads\/Article-062018-soa.jpg 520w\" sizes=\"auto, (max-width: 163px) 100vw, 163px\" \/><\/p>\n<p style=\"text-align: center;\">Article journal Ville de Saint Ouen l&rsquo; Aum\u00f4ne D\u00e9cembre 2016<\/p>\n<p><img loading=\"lazy\" decoding=\"async\" class=\"size-medium wp-image-1576 aligncenter\" src=\"https:\/\/www.christo-rugbyadapte.fr\/wordpress\/wp-content\/uploads\/Article-ville-SOA-122016-210x300.jpg\" alt=\"article-ville-soa-122016\" width=\"210\" height=\"300\" srcset=\"https:\/\/www.christo-rugbyadapte.fr\/wordpress\/wp-content\/uploads\/Article-ville-SOA-122016-210x300.jpg 210w, https:\/\/www.christo-rugbyadapte.fr\/wordpress\/wp-content\/uploads\/Article-ville-SOA-122016-768x1095.jpg 768w, https:\/\/www.christo-rugbyadapte.fr\/wordpress\/wp-content\/uploads\/Article-ville-SOA-122016-718x1024.jpg 718w\" sizes=\"auto, (max-width: 210px) 100vw, 210px\" \/><\/p>\n<p>Article Midi Olympique Novembre 2016<\/p>\n<p><img loading=\"lazy\" decoding=\"async\" class=\"alignleft wp-image-1566 size-medium\" src=\"https:\/\/www.christo-rugbyadapte.fr\/wordpress\/wp-content\/uploads\/presse-e1481358765131-210x300.jpg\" alt=\"presse\" width=\"210\" height=\"300\" srcset=\"https:\/\/www.christo-rugbyadapte.fr\/wordpress\/wp-content\/uploads\/presse-e1481358765131-210x300.jpg 210w, https:\/\/www.christo-rugbyadapte.fr\/wordpress\/wp-content\/uploads\/presse-e1481358765131-768x1095.jpg 768w, https:\/\/www.christo-rugbyadapte.fr\/wordpress\/wp-content\/uploads\/presse-e1481358765131-718x1024.jpg 718w\" sizes=\"auto, (max-width: 210px) 100vw, 210px\" \/><\/p>\n<p>&nbsp;<\/p>\n<p>&nbsp;<\/p>\n<p>&nbsp;<\/p>\n<p>&nbsp;<\/p>\n<p>&nbsp;<\/p>\n<p>&nbsp;<\/p>\n<p>&nbsp;<\/p>\n<p>&nbsp;<\/p>\n<p>Article paru dans Confluences Septembre 2016<\/p>\n<p><a href=\"https:\/\/www.christo-rugbyadapte.fr\/wordpress\/wp-content\/uploads\/article-N-gillon-2016.jpg\"><img loading=\"lazy\" decoding=\"async\" class=\"alignleft wp-image-1358 size-medium\" src=\"https:\/\/www.christo-rugbyadapte.fr\/wordpress\/wp-content\/uploads\/article-N-gillon-2016-210x300.jpg\" alt=\"cifr\" width=\"212\" height=\"300\" \/><\/a><br \/>\n&nbsp;<\/p>\n<p>&nbsp;<\/p>\n<p>&nbsp;<\/p>\n<p>Lettre n\u00b042 CIFR<\/p>\n<p><a href=\"https:\/\/www.christo-rugbyadapte.fr\/wordpress\/wp-content\/uploads\/cifr.png\"><img loading=\"lazy\" decoding=\"async\" class=\"alignleft wp-image-1358 size-medium\" src=\"https:\/\/www.christo-rugbyadapte.fr\/wordpress\/wp-content\/uploads\/cifr-212x300.png\" alt=\"cifr\" width=\"212\" height=\"300\" srcset=\"https:\/\/www.christo-rugbyadapte.fr\/wordpress\/wp-content\/uploads\/cifr-212x300.png 212w, https:\/\/www.christo-rugbyadapte.fr\/wordpress\/wp-content\/uploads\/cifr.png 473w\" sizes=\"auto, (max-width: 212px) 100vw, 212px\" \/><\/a><\/p>\n<p>&nbsp;<\/p>\n<p>&nbsp;<\/p>\n<p>&nbsp;<\/p>\n<p>&nbsp;<\/p>\n<p>&nbsp;<\/p>\n<p>&nbsp;<\/p>\n<p>&nbsp;<\/p>\n<p>&nbsp;<\/p>\n<p>&nbsp;<\/p>\n<p>&nbsp;<\/p>\n<p>&nbsp;<\/p>\n<p>Tournoi de Clermont-Ferrand 2016<\/p>\n<p><a href=\"https:\/\/www.christo-rugbyadapte.fr\/wordpress\/wp-content\/uploads\/13227543_10206319352478706_3964339190093653640_o.jpg\"><img loading=\"lazy\" decoding=\"async\" class=\"alignleft wp-image-1352 size-medium\" src=\"https:\/\/www.christo-rugbyadapte.fr\/wordpress\/wp-content\/uploads\/13227543_10206319352478706_3964339190093653640_o-300x205.jpg\" alt=\"13227543_10206319352478706_3964339190093653640_o\" width=\"300\" height=\"205\" srcset=\"https:\/\/www.christo-rugbyadapte.fr\/wordpress\/wp-content\/uploads\/13227543_10206319352478706_3964339190093653640_o-300x205.jpg 300w, https:\/\/www.christo-rugbyadapte.fr\/wordpress\/wp-content\/uploads\/13227543_10206319352478706_3964339190093653640_o-768x524.jpg 768w, https:\/\/www.christo-rugbyadapte.fr\/wordpress\/wp-content\/uploads\/13227543_10206319352478706_3964339190093653640_o-1024x698.jpg 1024w, https:\/\/www.christo-rugbyadapte.fr\/wordpress\/wp-content\/uploads\/13227543_10206319352478706_3964339190093653640_o.jpg 1903w\" sizes=\"auto, (max-width: 300px) 100vw, 300px\" \/><\/a><\/p>\n<p>&nbsp;<\/p>\n<p>&nbsp;<\/p>\n<p>&nbsp;<\/p>\n<p>&nbsp;<\/p>\n<p>&nbsp;<\/p>\n<p>&nbsp;<\/p>\n<p>&nbsp;<\/p>\n<p>Evry Trail Urbain 2016: 2 repr\u00e9sentants du Christo Rugby y \u00e9taient, encadr\u00e9s par les entraineurs<\/p>\n<p><iframe loading=\"lazy\" src=\"https:\/\/www.youtube.com\/embed\/ZkbI84V_ae8\" width=\"560\" height=\"315\" frameborder=\"0\" allowfullscreen=\"allowfullscreen\"><\/iframe><\/p>\n<p>SpeedMeeting handicap du val d Oise<\/p>\n<p><iframe loading=\"lazy\" src=\"https:\/\/www.youtube.com\/embed\/2Ps0RE3XwGI\" width=\"560\" height=\"315\" frameborder=\"0\" allowfullscreen=\"allowfullscreen\"><\/iframe><\/p>\n<p>Interview de David par le P\u00f4le Emploi<\/p>\n<p><iframe loading=\"lazy\" src=\"https:\/\/www.youtube.com\/embed\/woY_WKE_4QY\" width=\"560\" height=\"315\" frameborder=\"0\" allowfullscreen=\"allowfullscreen\"><\/iframe><\/p>\n<p>Le Parisien<\/p>\n<table style=\"width: auto;\">\n<tbody>\n<tr>\n<td><a href=\"https:\/\/picasaweb.google.com\/lh\/photo\/-akEd6YhCIJEF1SJTuSBRO4kTTONSmetClEmJ9ZB7_c?feat=embedwebsite\" target=\"_blank\" rel=\"noopener\"><img loading=\"lazy\" decoding=\"async\" src=\"https:\/\/lh3.googleusercontent.com\/-BtWQSLBkyRQ\/Vg-EfSXZH1I\/AAAAAAAAAxs\/tP-TF8BKG38\/s800-Ic42\/CCF28092015_00000.jpg\" alt=\"\" width=\"800\" height=\"561\" \/><\/a><\/td>\n<\/tr>\n<tr>\n<td style=\"font-family: arial,sans-serif; font-size: 11px; text-align: right;\">De <a href=\"https:\/\/picasaweb.google.com\/108394511541946880102\/ActualitePresse?authuser=0&amp;authkey=Gv1sRgCKHrnui2mKC1oQE&amp;feat=embedwebsite\">Actualite Presse<\/a><\/td>\n<\/tr>\n<\/tbody>\n<\/table>\n","protected":false},"excerpt":{"rendered":"<p>Article paru\u00a0 dans le journal de la ville de St Ouen L&rsquo;Aum\u00f4ne &#8211; mars 2019 &#8211; suite au palmar\u00e8s du troph\u00e9e de la Pr\u00e9vention Sant\u00e9 [download id=\u00a0\u00bb2579&Prime;] &nbsp; &nbsp; &nbsp; &nbsp; &nbsp; &nbsp; &nbsp; &nbsp; &nbsp; Article paru\u00a0 dans le journal de la ville de St Ouen L&rsquo;Aum\u00f4ne &#8211; Juin 2018 Article journal Ville de [&hellip;]<\/p>\n","protected":false},"author":1,"featured_media":0,"parent":2054,"menu_order":0,"comment_status":"open","ping_status":"closed","template":"","meta":{"footnotes":""},"class_list":["post-913","page","type-page","status-publish","hentry","post"],"_links":{"self":[{"href":"https:\/\/www.christo-rugbyadapte.fr\/wordpress\/index.php?rest_route=\/wp\/v2\/pages\/913","targetHints":{"allow":["GET"]}}],"collection":[{"href":"https:\/\/www.christo-rugbyadapte.fr\/wordpress\/index.php?rest_route=\/wp\/v2\/pages"}],"about":[{"href":"https:\/\/www.christo-rugbyadapte.fr\/wordpress\/index.php?rest_route=\/wp\/v2\/types\/page"}],"author":[{"embeddable":true,"href":"https:\/\/www.christo-rugbyadapte.fr\/wordpress\/index.php?rest_route=\/wp\/v2\/users\/1"}],"replies":[{"embeddable":true,"href":"https:\/\/www.christo-rugbyadapte.fr\/wordpress\/index.php?rest_route=%2Fwp%2Fv2%2Fcomments&post=913"}],"version-history":[{"count":42,"href":"https:\/\/www.christo-rugbyadapte.fr\/wordpress\/index.php?rest_route=\/wp\/v2\/pages\/913\/revisions"}],"predecessor-version":[{"id":3176,"href":"https:\/\/www.christo-rugbyadapte.fr\/wordpress\/index.php?rest_route=\/wp\/v2\/pages\/913\/revisions\/3176"}],"up":[{"embeddable":true,"href":"https:\/\/www.christo-rugbyadapte.fr\/wordpress\/index.php?rest_route=\/wp\/v2\/pages\/2054"}],"wp:attachment":[{"href":"https:\/\/www.christo-rugbyadapte.fr\/wordpress\/index.php?rest_route=%2Fwp%2Fv2%2Fmedia&parent=913"}],"curies":[{"name":"wp","href":"https:\/\/api.w.org\/{rel}","templated":true}]}}